{"id":99,"date":"2014-11-24T11:35:43","date_gmt":"2014-11-24T11:35:43","guid":{"rendered":"http:\/\/lifepinassa.eu\/?page_id=99"},"modified":"2018-06-21T07:46:18","modified_gmt":"2018-06-21T07:46:18","slug":"c1-conservacion-y-puesta-en-valor-de-rodales-singulares-de-pinus-nigra","status":"publish","type":"page","link":"https:\/\/lifepinassa.eu\/?page_id=99","title":{"rendered":"C1. Conservaci\u00f3n y puesta en valor de rodales singulares de Pinus nigra"},"content":{"rendered":"<p>El proyecto LIFE Pinassa ha protegido y mejorado la estabilidad y el estado de conservaci\u00f3n de los rodales singulares de titularidad privada y p\u00fablica, en los cuales se han identificado problemas de estabilidad, falta de heterogeneidad, escasa regeneraci\u00f3n y falta de regulaci\u00f3n del uso p\u00fablico<\/p>\n<h4><a href=\"http:\/\/lifepinassa.eu\/wp-content\/uploads\/2014\/11\/Imatge_vertical.jpg\"><img decoding=\"async\" loading=\"lazy\" class=\"alignright wp-image-1829 size-medium\" src=\"http:\/\/lifepinassa.eu\/wp-content\/uploads\/2014\/11\/Imatge_vertical-200x300.jpg\" alt=\"Imatge_vertical\" width=\"200\" height=\"300\" srcset=\"https:\/\/lifepinassa.eu\/wp-content\/uploads\/2014\/11\/Imatge_vertical-200x299.jpg 200w, https:\/\/lifepinassa.eu\/wp-content\/uploads\/2014\/11\/Imatge_vertical-683x1024.jpg 683w, https:\/\/lifepinassa.eu\/wp-content\/uploads\/2014\/11\/Imatge_vertical-100x149.jpg 100w, https:\/\/lifepinassa.eu\/wp-content\/uploads\/2014\/11\/Imatge_vertical-150x224.jpg 150w, https:\/\/lifepinassa.eu\/wp-content\/uploads\/2014\/11\/Imatge_vertical-300x449.jpg 300w, https:\/\/lifepinassa.eu\/wp-content\/uploads\/2014\/11\/Imatge_vertical-450x674.jpg 450w, https:\/\/lifepinassa.eu\/wp-content\/uploads\/2014\/11\/Imatge_vertical-600x898.jpg 600w, https:\/\/lifepinassa.eu\/wp-content\/uploads\/2014\/11\/Imatge_vertical.jpg 849w\" sizes=\"(max-width: 200px) 100vw, 200px\" \/><\/a>Objetivos espec\u00edficos<\/h4>\n<ol>\n<li>Mejorar la estabilidad estructural y garantizar la conservaci\u00f3n y regeneraci\u00f3n a corto y medio plazo de los peque\u00f1os rodales singulares de pino laricio de Catalu\u00f1a con caracter\u00edsticas extraordinarias de madurez o que tienden a estructuras maduras excepcionales.<\/li>\n<li>Poner en valor los diferentes servicios que pueden ofrecer los rodales singulares a la sociedad: a) establecimiento de parcelas permanentes para el seguimiento cient\u00edfico y \u00a0aplicaciones forestales, dado su extraordinario inter\u00e9s ecol\u00f3gico y como reserva gen\u00e9tica; b) regular el uso p\u00fablico en el rodal.<\/li>\n<li>Ejemplificar la gesti\u00f3n para la preservaci\u00f3n de los rodales singulares, como proyecto demostrativo para la gesti\u00f3n de rodales singulares del Inventario de Bosques Singulares de la Generalitat de Catalunya.<\/li>\n<li>Constituir reservas gen\u00e9ticas que sean incluidas en el Cat\u00e1logo estatal de material de base para la producci\u00f3n de material forestal de reproducci\u00f3n (MFR).<\/li>\n<\/ol>\n<p>&nbsp;<\/p>\n<h4>Resultados<\/h4>\n<p>Se han seleccionado 174 ha de rodales singulares con el objetivo de destinarlos a evoluci\u00f3n natural, sin perjuicio de que en determinados casos, cuando las condiciones t\u00e9cnicas lo recomienden (falta de heterogeneidad, problemas de competencia o escasa regeneraci\u00f3n) efectuar tratamientos de mejora. En el 24% se han realizado tratamientos para mejorar la conservaci\u00f3n del h\u00e1bitat y el resto se han mantenido en evoluci\u00f3n natural seg\u00fan la informaci\u00f3n obtenida a partir de los inventarios previos. La principal actuaci\u00f3n realizada ha consistido en la mejora de la biodiversidad a trav\u00e9s de la creaci\u00f3n de madera muerta en pie (mediante el anillado de \u00e1rboles vivos) o al suelo (generando troncos y tocones altas). En algunos casos concretos se han realizado desbroces selectivas y en uno de los rodales se hizo una clara selectiva para liberar algunos pies de especial inter\u00e9s (robles, grandes pinos, etc.).<\/p>\n<p>En los rodales p\u00fablicos han firmado acuerdos o convenios de colaboraci\u00f3n mientras que en los rodales privados se han firmado 3 contratos de arrendamiento por un periodo de 25 a\u00f1os en los que la propiedad se compromete a preservar el bosque.<\/p>\n<p>Se ha elaborado un Plan de uso p\u00fablico de los rodales singulares con el objetivo de regular la afluencia de visitantes y permitir su seguimiento cient\u00edfico y t\u00e9cnico. Las propuestas de este Plan van dirigidas a conocer la situaci\u00f3n inicial del rodal, minimizar la afluencia de visitas y disminuir su impacto. Por este motivo, y en base a la caracterizaci\u00f3n, se han diferenciado los rodales que pueden formar parte de los circuitos de uso social general, los rodales a los que se puede acceder con visitas guiadas y aquellos restringidos \u00fanicamente a visitas t\u00e9cnicas y cient\u00edficas. En todos los casos, este plan ha sido consensuando con la propiedad.<\/p>\n<p>Tabla 1. Distribuci\u00f3n y estado de las Acciones C1 seg\u00fan Programa de conservaci\u00f3n<\/p>\n<table>\n<tbody>\n<tr>\n<td rowspan=\"2\"><strong>\u00c1MBITO <\/strong><\/td>\n<td rowspan=\"2\"><strong>ZEC <\/strong><\/td>\n<td rowspan=\"2\"><strong>Superficie <\/strong><strong>(ha) <\/strong><\/td>\n<td colspan=\"2\"><strong>TRABAJOS DE CONSERVACI\u00d3N <\/strong><\/td>\n<\/tr>\n<tr>\n<td><strong>Superficie (ha)<\/strong><\/td>\n<td><strong>Estado<\/strong><\/td>\n<\/tr>\n<tr>\n<td>Prepirenaico y central<\/td>\n<td>ES5130028 Ribera Salada<\/td>\n<td>8,45<\/td>\n<td>8,45<\/td>\n<td>Finalizados<\/td>\n<\/tr>\n<tr>\n<td>Prepirenaico y central<\/td>\n<td>ES5130027 Obagues riera de Madrona<\/td>\n<td>3,57<\/td>\n<td>3,57<\/td>\n<td>Finalizados<\/td>\n<\/tr>\n<tr>\n<td>Meridional<\/td>\n<td>ES5140011 Sistema Prelitoral Meridional<\/td>\n<td>29,31*<\/td>\n<td>19,45<\/td>\n<td>Finalizados<\/td>\n<\/tr>\n<tr>\n<td><\/td>\n<td><\/td>\n<td><\/td>\n<td><\/td>\n<td><\/td>\n<\/tr>\n<\/tbody>\n<\/table>\n<p>&nbsp;<\/p>\n<div id=\"attachment_1839\" style=\"width: 610px\" class=\"wp-caption aligncenter\"><a href=\"http:\/\/lifepinassa.eu\/wp-content\/uploads\/2015\/06\/Fig1.jpg\"><img aria-describedby=\"caption-attachment-1839\" decoding=\"async\" loading=\"lazy\" class=\"wp-image-1839 size-full\" src=\"http:\/\/lifepinassa.eu\/wp-content\/uploads\/2015\/06\/Fig1.jpg\" alt=\"\" width=\"600\" height=\"800\" srcset=\"https:\/\/lifepinassa.eu\/wp-content\/uploads\/2015\/06\/Fig1.jpg 600w, https:\/\/lifepinassa.eu\/wp-content\/uploads\/2015\/06\/Fig1-225x300.jpg 225w, https:\/\/lifepinassa.eu\/wp-content\/uploads\/2015\/06\/Fig1-100x133.jpg 100w, https:\/\/lifepinassa.eu\/wp-content\/uploads\/2015\/06\/Fig1-150x200.jpg 150w, https:\/\/lifepinassa.eu\/wp-content\/uploads\/2015\/06\/Fig1-200x266.jpg 200w, https:\/\/lifepinassa.eu\/wp-content\/uploads\/2015\/06\/Fig1-300x400.jpg 300w, https:\/\/lifepinassa.eu\/wp-content\/uploads\/2015\/06\/Fig1-450x600.jpg 450w\" sizes=\"(max-width: 600px) 100vw, 600px\" \/><\/a><p id=\"caption-attachment-1839\" class=\"wp-caption-text\">Figura 1. Generaci\u00f3n de madera muerta en el Sistema Prelitoral Meridional<\/p><\/div>\n","protected":false},"excerpt":{"rendered":"<p>El proyecto LIFE Pinassa ha protegido y mejorado la estabilidad y el estado de conservaci\u00f3n de los rodales singulares de titularidad privada y p\u00fablica, en los cuales se han identificado problemas de estabilidad, falta de heterogeneidad, escasa regeneraci\u00f3n y falta<span class=\"ellipsis\">&hellip;<\/span><\/p>\n<div class=\"read-more\"><a href=\"https:\/\/lifepinassa.eu\/?page_id=99\">Read more &#8250;<\/a><\/div>\n<p><!-- end of .read-more --><\/p>\n","protected":false},"author":1,"featured_media":0,"parent":56,"menu_order":1,"comment_status":"open","ping_status":"closed","template":"","meta":{"om_disable_all_campaigns":false,"_mi_skip_tracking":false,"ngg_post_thumbnail":0},"aioseo_notices":[],"_links":{"self":[{"href":"https:\/\/lifepinassa.eu\/index.php?rest_route=\/wp\/v2\/pages\/99"}],"collection":[{"href":"https:\/\/lifepinassa.eu\/index.php?rest_route=\/wp\/v2\/pages"}],"about":[{"href":"https:\/\/lifepinassa.eu\/index.php?rest_route=\/wp\/v2\/types\/page"}],"author":[{"embeddable":true,"href":"https:\/\/lifepinassa.eu\/index.php?rest_route=\/wp\/v2\/users\/1"}],"replies":[{"embeddable":true,"href":"https:\/\/lifepinassa.eu\/index.php?rest_route=%2Fwp%2Fv2%2Fcomments&post=99"}],"version-history":[{"count":17,"href":"https:\/\/lifepinassa.eu\/index.php?rest_route=\/wp\/v2\/pages\/99\/revisions"}],"predecessor-version":[{"id":1842,"href":"https:\/\/lifepinassa.eu\/index.php?rest_route=\/wp\/v2\/pages\/99\/revisions\/1842"}],"up":[{"embeddable":true,"href":"https:\/\/lifepinassa.eu\/index.php?rest_route=\/wp\/v2\/pages\/56"}],"wp:attachment":[{"href":"https:\/\/lifepinassa.eu\/index.php?rest_route=%2Fwp%2Fv2%2Fmedia&parent=99"}],"curies":[{"name":"wp","href":"https:\/\/api.w.org\/{rel}","templated":true}]}}