{"id":65,"date":"2014-11-03T08:27:14","date_gmt":"2014-11-03T08:27:14","guid":{"rendered":"http:\/\/lifepinassa.eu\/?page_id=65"},"modified":"2016-10-12T21:10:22","modified_gmt":"2016-10-12T21:10:22","slug":"resultados","status":"publish","type":"page","link":"https:\/\/lifepinassa.eu\/?page_id=65","title":{"rendered":"Resultados"},"content":{"rendered":"<p>En este apartado se hallar\u00e1 el\u00a0 material de transferencia, elaborado durante el proyecto, donde se recojan las principales recomendaciones de gesti\u00f3n sobre\u00a0tratamientos para garantizar la conservaci\u00f3n y mejora del h\u00e1bitat en bosques de <em>Pinus\u00a0nigra<\/em> mediante la aplicaci\u00f3n de las mejores t\u00e9cnicas disponibles (BAT) de Gesti\u00f3n Forestal Sostenible (SFM),\u00a0haciendo compatible la conservaci\u00f3n con el resto de funciones del bosque (socio-econ\u00f3mica y recreativa).<\/p>\n<p>&nbsp;<\/p>\n<h4>Acciones de conservaci\u00f3n<\/h4>\n<p style=\"padding-left: 30px;\"><a title=\"C1. Conservaci\u00f3n y puesta en valor de rodales singulares de Pinus nigra\" href=\"http:\/\/lifepinassa.eu\/?page_id=99\">c1.\u00a0Conservaci\u00f3n y puesta en valor de rodales singulares de<em> Pinus nigra<\/em><\/a><\/p>\n<p style=\"padding-left: 30px;\"><a title=\"C2. Actuaciones selv\u00edcolas de mejora del h\u00e1bitat en bosques j\u00f3venes y densos de escasa vitalidad, baja diversidad estructural y elevado riesgo de incendio\" href=\"http:\/\/lifepinassa.eu\/?page_id=102\">c2.\u00a0Actuaciones selv\u00edcolas de mejora del h\u00e1bitat en bosques j\u00f3venes y densos\u00a0de escasa vitalidad, baja diversidad estructural y elevado riesgo de incendio<\/a><\/p>\n<p style=\"padding-left: 30px;\"><a title=\"c3. Actuaciones selv\u00edcolas de mejora del h\u00e1bitat en bosques adultos sin regeneraci\u00f3n, de estructura muy simplificada y baja biodiversidad\" href=\"http:\/\/lifepinassa.eu\/?page_id=104\">c3.\u00a0Actuaciones selv\u00edcolas de mejora del h\u00e1bitat en bosques adultos sin\u00a0regeneraci\u00f3n, de estructura muy simplificada y baja biodiversidad<\/a><\/p>\n<p style=\"padding-left: 30px;\"><a title=\"c4. Mejora de la estructura, madurez y biodiversidad de bosques de estructura irregular intensamente explotados y degradados\" href=\"http:\/\/lifepinassa.eu\/?page_id=106\">c4.\u00a0Mejora de la estructura, madurez y biodiversidad de bosques de estructura\u00a0irregular intensamente explotados y degradados<\/a><\/p>\n<p style=\"padding-left: 30px;\"><a title=\"c5. Recuperaci\u00f3n de rodales de Pinus nigra en \u00e1reas afectadas por grandes incendios\" href=\"http:\/\/lifepinassa.eu\/?page_id=108\">c5.\u00a0Recuperaci\u00f3n de rodales de<em> Pinus nigra<\/em> en \u00e1reas afectadas por grandes\u00a0incendios<\/a><\/p>\n<p style=\"padding-left: 30px;\"><a title=\"c6. Actuaciones selv\u00edcolas estrat\u00e9gicas para la prevenci\u00f3n de grandes incendios forestales en los bosques de Pinus nigra\" href=\"http:\/\/lifepinassa.eu\/?page_id=110\">c6.\u00a0Actuaciones selv\u00edcolas estrat\u00e9gicas para la prevenci\u00f3n de grandes incendios\u00a0forestales en los bosques de <em>Pinus nigra<\/em><\/a><\/p>\n<p style=\"padding-left: 30px;\"><a title=\"c7. Conservaci\u00f3n de bosques de Pinus nigra adultos adaptados al regimen natural de fuegos\" href=\"http:\/\/lifepinassa.eu\/?page_id=112\">c7.\u00a0Conservaci\u00f3n de bosques de <em>Pinus nigra<\/em> adultos adaptados al regimen\u00a0natural de fuegos<\/a><\/p>\n<p>&nbsp;<\/p>\n<h4>Monitoreo del impacto de las acciones del proyecto<\/h4>\n<p><a href=\"%20http:\/\/lifepinassa.eu\/?p=1413\">Creaci\u00f3n del Comit\u00e9 Asesor de Expertos para el seguimiento t\u00e9cnico de las acciones<\/a><\/p>\n<p><a href=\"http:\/\/lifepinassa.eu\/?p=1429\">Seguimiento ecol\u00f3gico de las actuaciones de conservaci\u00f3n<\/a><\/p>\n<p>&nbsp;<\/p>\n<h4>Acciones de difusi\u00f3n<\/h4>\n<p><a href=\"http:\/\/lifepinassa.eu\/?p=1438\">Visitas guiadas, aulas y jornadas de transferencia y edici\u00f3n de material divulgativo de peque\u00f1o formato<\/a><\/p>\n<p><a href=\"http:\/\/lifepinassa.eu\/?p=1453\">Comunicaciones cient\u00edficas y t\u00e9cnicas en jornadas y congresos sectoriales y redacci\u00f3n de art\u00edculos<\/a><\/p>\n<p>&nbsp;<\/p>\n<h4>Material de divulgaci\u00f3n<\/h4>\n<p style=\"padding-left: 30px;\"><strong><a href=\"http:\/\/lifepinassa.eu\/wp-content\/uploads\/2014\/11\/diptic_pinassa_cast.pdf\">Tr\u00edptico informativo del proyecto LIFE Pinassa<\/a><\/strong><\/p>\n<p style=\"padding-left: 30px;\"><strong><a href=\"http:\/\/lifepinassa.eu\/docs\/conservacio.pdf\" target=\"_blank\">Panel explicativo de las acciones de conservaci\u00f3n de rodales singulares<\/a><\/strong><\/p>\n<p style=\"padding-left: 30px;\"><strong><a href=\"http:\/\/lifepinassa.eu\/docs\/gestio_conservacio.pdf\" target=\"_blank\">Panel explicativo de las acciones de gesti\u00f3n para la conservaci\u00f3n<\/a><\/strong><\/p>\n<p style=\"padding-left: 30px;\"><strong><a href=\"http:\/\/lifepinassa.eu\/docs\/gestio_incendis.pdf\" target=\"_blank\">Panel explicativo de las acciones de gesti\u00f3n de incendios y de regeneraci\u00f3n post-incendio<\/a><\/strong><\/p>\n","protected":false},"excerpt":{"rendered":"<p>En este apartado se hallar\u00e1 el\u00a0 material de transferencia, elaborado durante el proyecto, donde se recojan las principales recomendaciones de gesti\u00f3n sobre\u00a0tratamientos para garantizar la conservaci\u00f3n y mejora del h\u00e1bitat en bosques de Pinus\u00a0nigra mediante la aplicaci\u00f3n de las mejores<span class=\"ellipsis\">&hellip;<\/span><\/p>\n<div class=\"read-more\"><a href=\"https:\/\/lifepinassa.eu\/?page_id=65\">Read more &#8250;<\/a><\/div>\n<p><!-- end of .read-more --><\/p>\n","protected":false},"author":1,"featured_media":0,"parent":0,"menu_order":0,"comment_status":"open","ping_status":"open","template":"","meta":{"om_disable_all_campaigns":false,"_mi_skip_tracking":false,"ngg_post_thumbnail":0},"aioseo_notices":[],"_links":{"self":[{"href":"https:\/\/lifepinassa.eu\/index.php?rest_route=\/wp\/v2\/pages\/65"}],"collection":[{"href":"https:\/\/lifepinassa.eu\/index.php?rest_route=\/wp\/v2\/pages"}],"about":[{"href":"https:\/\/lifepinassa.eu\/index.php?rest_route=\/wp\/v2\/types\/page"}],"author":[{"embeddable":true,"href":"https:\/\/lifepinassa.eu\/index.php?rest_route=\/wp\/v2\/users\/1"}],"replies":[{"embeddable":true,"href":"https:\/\/lifepinassa.eu\/index.php?rest_route=%2Fwp%2Fv2%2Fcomments&post=65"}],"version-history":[{"count":12,"href":"https:\/\/lifepinassa.eu\/index.php?rest_route=\/wp\/v2\/pages\/65\/revisions"}],"predecessor-version":[{"id":1455,"href":"https:\/\/lifepinassa.eu\/index.php?rest_route=\/wp\/v2\/pages\/65\/revisions\/1455"}],"wp:attachment":[{"href":"https:\/\/lifepinassa.eu\/index.php?rest_route=%2Fwp%2Fv2%2Fmedia&parent=65"}],"curies":[{"name":"wp","href":"https:\/\/api.w.org\/{rel}","templated":true}]}}