{"id":56,"date":"2014-11-03T08:25:58","date_gmt":"2014-11-03T08:25:58","guid":{"rendered":"http:\/\/lifepinassa.eu\/?page_id=56"},"modified":"2014-11-26T11:53:29","modified_gmt":"2014-11-26T11:53:29","slug":"c-acciones-concretas-de-conservacion","status":"publish","type":"page","link":"https:\/\/lifepinassa.eu\/?page_id=56","title":{"rendered":"Acciones de conservaci\u00f3n"},"content":{"rendered":"<p>Acciones de conservaci\u00f3n previstas en el proyecto para alcanzar los objetivos\u00a0propuestos:<\/p>\n<p style=\"padding-left: 30px;\"><a title=\"C1. Conservaci\u00f3n y puesta en valor de rodales singulares de Pinus nigra\" href=\"http:\/\/lifepinassa.eu\/?page_id=99\">c1.\u00a0Conservaci\u00f3n y puesta en valor de rodales singulares de<em> Pinus nigra<\/em><\/a><\/p>\n<p style=\"padding-left: 30px;\"><a title=\"C2. Actuaciones selv\u00edcolas de mejora del h\u00e1bitat en bosques j\u00f3venes y densos de escasa vitalidad, baja diversidad estructural y elevado riesgo de incendio\" href=\"http:\/\/lifepinassa.eu\/?page_id=102\">c2.\u00a0Actuaciones selv\u00edcolas de mejora del h\u00e1bitat en bosques j\u00f3venes y densos\u00a0de escasa vitalidad, baja diversidad estructural y elevado riesgo de incendio<\/a><\/p>\n<p style=\"padding-left: 30px;\"><a title=\"c3. Actuaciones selv\u00edcolas de mejora del h\u00e1bitat en bosques adultos sin regeneraci\u00f3n, de estructura muy simplificada y baja biodiversidad\" href=\"http:\/\/lifepinassa.eu\/?page_id=104\">c3.\u00a0Actuaciones selv\u00edcolas de mejora del h\u00e1bitat en bosques adultos sin\u00a0regeneraci\u00f3n, de estructura muy simplificada y baja biodiversidad<\/a><\/p>\n<p style=\"padding-left: 30px;\"><a title=\"c4. Mejora de la estructura, madurez y biodiversidad de bosques de estructura irregular intensamente explotados y degradados\" href=\"http:\/\/lifepinassa.eu\/?page_id=106\">c4.\u00a0Mejora de la estructura, madurez y biodiversidad de bosques de estructura\u00a0irregular intensamente explotados y degradados<\/a><\/p>\n<p style=\"padding-left: 30px;\"><a title=\"c5. Recuperaci\u00f3n de rodales de Pinus nigra en \u00e1reas afectadas por grandes incendios\" href=\"http:\/\/lifepinassa.eu\/?page_id=108\">c5.\u00a0Recuperaci\u00f3n de rodales de<em> Pinus nigra<\/em> en \u00e1reas afectadas por grandes\u00a0incendios<\/a><\/p>\n<p style=\"padding-left: 30px;\"><a title=\"c6. Actuaciones selv\u00edcolas estrat\u00e9gicas para la prevenci\u00f3n de grandes incendios forestales en los bosques de Pinus nigra\" href=\"http:\/\/lifepinassa.eu\/?page_id=110\">c6.\u00a0Actuaciones selv\u00edcolas estrat\u00e9gicas para la prevenci\u00f3n de grandes incendios\u00a0forestales en los bosques de <em>Pinus nigra<\/em><\/a><\/p>\n<p style=\"padding-left: 30px;\"><a title=\"c7. Conservaci\u00f3n de bosques de Pinus nigra adultos adaptados al regimen natural de fuegos\" href=\"http:\/\/lifepinassa.eu\/?page_id=112\">c7.\u00a0Conservaci\u00f3n de bosques de <em>Pinus nigra<\/em> adultos adaptados al regimen\u00a0natural de fuegos<\/a><\/p>\n","protected":false},"excerpt":{"rendered":"<p>Acciones de conservaci\u00f3n previstas en el proyecto para alcanzar los objetivos\u00a0propuestos: c1.\u00a0Conservaci\u00f3n y puesta en valor de rodales singulares de Pinus nigra c2.\u00a0Actuaciones selv\u00edcolas de mejora del h\u00e1bitat en bosques j\u00f3venes y densos\u00a0de escasa vitalidad, baja diversidad estructural y elevado<span class=\"ellipsis\">&hellip;<\/span><\/p>\n<div class=\"read-more\"><a href=\"https:\/\/lifepinassa.eu\/?page_id=56\">Read more &#8250;<\/a><\/div>\n<p><!-- end of .read-more --><\/p>\n","protected":false},"author":1,"featured_media":0,"parent":0,"menu_order":0,"comment_status":"open","ping_status":"open","template":"","meta":{"om_disable_all_campaigns":false,"_mi_skip_tracking":false,"ngg_post_thumbnail":0},"aioseo_notices":[],"_links":{"self":[{"href":"https:\/\/lifepinassa.eu\/index.php?rest_route=\/wp\/v2\/pages\/56"}],"collection":[{"href":"https:\/\/lifepinassa.eu\/index.php?rest_route=\/wp\/v2\/pages"}],"about":[{"href":"https:\/\/lifepinassa.eu\/index.php?rest_route=\/wp\/v2\/types\/page"}],"author":[{"embeddable":true,"href":"https:\/\/lifepinassa.eu\/index.php?rest_route=\/wp\/v2\/users\/1"}],"replies":[{"embeddable":true,"href":"https:\/\/lifepinassa.eu\/index.php?rest_route=%2Fwp%2Fv2%2Fcomments&post=56"}],"version-history":[{"count":5,"href":"https:\/\/lifepinassa.eu\/index.php?rest_route=\/wp\/v2\/pages\/56\/revisions"}],"predecessor-version":[{"id":130,"href":"https:\/\/lifepinassa.eu\/index.php?rest_route=\/wp\/v2\/pages\/56\/revisions\/130"}],"wp:attachment":[{"href":"https:\/\/lifepinassa.eu\/index.php?rest_route=%2Fwp%2Fv2%2Fmedia&parent=56"}],"curies":[{"name":"wp","href":"https:\/\/api.w.org\/{rel}","templated":true}]}}