{"id":477,"date":"2015-02-04T13:24:09","date_gmt":"2015-02-04T13:24:09","guid":{"rendered":"http:\/\/lifepinassa.eu\/?page_id=477"},"modified":"2018-06-21T07:53:16","modified_gmt":"2018-06-21T07:53:16","slug":"c6-actuacions-silvicoles-estrategiques-per-a-la-prevencio-de-grans-incendis-forestals-en-els-boscos-de-pinus-nigra","status":"publish","type":"page","link":"https:\/\/lifepinassa.eu\/?page_id=477","title":{"rendered":"C6. Actuacions silv\u00edcoles estrat\u00e8giques per a la prevenci\u00f3 de grans incendis forestals en els boscos de Pinus nigra"},"content":{"rendered":"<p>Els treballs de prevenci\u00f3 consistiran en la implementaci\u00f3 en punts estrat\u00e8gics de gesti\u00f3 (1) de tractaments silv\u00edcoles de prevenci\u00f3 innovadors i cremes prescrites, que tenen per objectiu generar estructures de bosc de pinassa resistents i resilients a grans incendis forestals i que, sobretot, incideixin en la reducci\u00f3 de la intensitat dels incendis que es puguin donar a la zona.<\/p>\n<h4>Objectius espec\u00edfics<\/h4>\n<ol>\n<li>Reduir el risc de grans incendis forestals a l&#8217;h\u00e0bitat de pinassa, a trav\u00e9s d&#8217;actuacions en punts estrat\u00e8gics de gesti\u00f3, en zones on aquest h\u00e0bitat est\u00e0 en condicions ecol\u00f2giques favorables i t\u00e9 un inter\u00e8s especial, sigui per la pres\u00e8ncia de rodals singulars o b\u00e9 per estructures madures i d&#8217;inter\u00e8s per a la biodiversitat.<\/li>\n<li>Obtenir estructures de bosc de pinassa que garantiran un comportament del foc assequible als mitjans d&#8217;extinci\u00f3, per al seu control, i evitaran la generaci\u00f3 de focs d&#8217;alta intensitat, que es propaguen per les copes.<\/li>\n<\/ol>\n<address>\u00a0(1)\u00a0La millora en l&#8217;an\u00e0lisi i estudi del patr\u00f3 de comportament de grans incendis ha perm\u00e8s establir una metodologia per determinar les localitzacions clau que condicionen el moviment i abast final dels mateixos. Aquestes localitzacions anomenades punts estrat\u00e8gics de gesti\u00f3 (PEG) per al control de grans incendis forestals, permet al sistema d&#8217;extinci\u00f3 concentrar recursos en llocs que permetran establir maniobres de control segures i eficaces.<\/address>\n<h4>Resultats<\/h4>\n<p>En el projecte es planifiquen un total 65ha, repartides entre la regi\u00f3 prepirinenca i central i la regi\u00f3 meridional. Finalitzada l&#8217;Acci\u00f3 3, s&#8217;han seleccionat un total de<strong> 81,24ha.<\/strong> Del total seleccionat una part es realitza de forma mecanitzada i una altra part amb cremes prescrites, realitzades directament pel soci DINT. Alguns rodals es localitzen fora de les ZEC en Punts Estrat\u00e8gics de Gesti\u00f3 per a la prevenci\u00f3 de grans incendis forestals, anomenades \u00e0rees d&#8217;influ\u00e8ncia (A.I.). La distribuci\u00f3 de les accions per ZEC i el seu estat d&#8217;execuci\u00f3 es mostren a la Taula 1.<\/p>\n<p>Taula 1. Distribuci\u00f3 i estat de les Accions C6 segons Programa de conservaci\u00f3<\/p>\n<table>\n<tbody>\n<tr>\n<td rowspan=\"2\"><strong>\u00c0MBIT<\/strong><\/td>\n<td rowspan=\"2\"><strong>ZEC<\/strong><\/td>\n<td rowspan=\"2\"><strong>Superf\u00edcie <\/strong><strong>(ha) <\/strong><\/td>\n<td colspan=\"2\"><strong>TREBALLS\u00a0DE CONSERVACI\u00d3<\/strong><\/td>\n<\/tr>\n<tr>\n<td><strong>Superf\u00edcie (ha)<\/strong><\/td>\n<td><strong>Estat<\/strong><\/td>\n<\/tr>\n<tr>\n<td>Prepirenaico y central<\/td>\n<td>ES5130029 Serres de Queralt i els Tossals-Aigua d\u2019Ora (A.I.)<\/td>\n<td>41,94<\/td>\n<td>41,94<\/td>\n<td>Finalitzats<\/td>\n<\/tr>\n<tr>\n<td>Prepirenaico y central<\/td>\n<td>ES5130027 Obagues riera de Madrona(A.I.)<\/td>\n<td>15,24<\/td>\n<td>15,24<\/td>\n<td>Finalitzats<\/td>\n<\/tr>\n<tr>\n<td>Meridional<\/td>\n<td>ES5140009Tivissa-Vandell\u00f2s-Llaberia<\/td>\n<td>10,92<\/td>\n<td>10,92<\/td>\n<td>Finalitzats<\/td>\n<\/tr>\n<tr>\n<td>Meridional<\/td>\n<td>ES5140011 Sistema Prelitoral Meridional<\/td>\n<td>13,14<\/td>\n<td>13,14<\/td>\n<td>Finalitzats<\/td>\n<\/tr>\n<\/tbody>\n<\/table>\n<p>&nbsp;<\/p>\n<p><a href=\"http:\/\/lifepinassa.eu\/wp-content\/uploads\/2014\/11\/pinassa6.png\"><img decoding=\"async\" loading=\"lazy\" class=\"alignleft wp-image-1366 size-medium\" src=\"http:\/\/lifepinassa.eu\/wp-content\/uploads\/2014\/11\/pinassa6-300x179.png\" alt=\"pinassa6\" width=\"300\" height=\"179\" srcset=\"https:\/\/lifepinassa.eu\/wp-content\/uploads\/2014\/11\/pinassa6-300x179.png 300w, https:\/\/lifepinassa.eu\/wp-content\/uploads\/2014\/11\/pinassa6-100x59.png 100w, https:\/\/lifepinassa.eu\/wp-content\/uploads\/2014\/11\/pinassa6-150x89.png 150w, https:\/\/lifepinassa.eu\/wp-content\/uploads\/2014\/11\/pinassa6-200x119.png 200w, https:\/\/lifepinassa.eu\/wp-content\/uploads\/2014\/11\/pinassa6-450x268.png 450w, https:\/\/lifepinassa.eu\/wp-content\/uploads\/2014\/11\/pinassa6-600x358.png 600w, https:\/\/lifepinassa.eu\/wp-content\/uploads\/2014\/11\/pinassa6.png 660w\" sizes=\"(max-width: 300px) 100vw, 300px\" \/><\/a><\/p>\n<p>&nbsp;<\/p>\n<p>&nbsp;<\/p>\n<p>&nbsp;<\/p>\n<p>&nbsp;<\/p>\n<p>&nbsp;<\/p>\n<p>&nbsp;<\/p>\n<p>Figura 1. Crema prescrita del sotabosc de pinassa per a prevenci\u00f3 d&#8217;incendis a les Serres de Queralt i els Tossals-Aigua d\u2019Ora<\/p>\n","protected":false},"excerpt":{"rendered":"<p>Els treballs de prevenci\u00f3 consistiran en la implementaci\u00f3 en punts estrat\u00e8gics de gesti\u00f3 (1) de tractaments silv\u00edcoles de prevenci\u00f3 innovadors i cremes prescrites, que tenen per objectiu generar estructures de bosc de pinassa resistents i resilients a grans incendis forestals<span class=\"ellipsis\">&hellip;<\/span><\/p>\n<div class=\"read-more\"><a href=\"https:\/\/lifepinassa.eu\/?page_id=477\">Read more &#8250;<\/a><\/div>\n<p><!-- end of .read-more --><\/p>\n","protected":false},"author":1,"featured_media":0,"parent":463,"menu_order":6,"comment_status":"open","ping_status":"open","template":"","meta":{"om_disable_all_campaigns":false,"_mi_skip_tracking":false,"ngg_post_thumbnail":0},"aioseo_notices":[],"_links":{"self":[{"href":"https:\/\/lifepinassa.eu\/index.php?rest_route=\/wp\/v2\/pages\/477"}],"collection":[{"href":"https:\/\/lifepinassa.eu\/index.php?rest_route=\/wp\/v2\/pages"}],"about":[{"href":"https:\/\/lifepinassa.eu\/index.php?rest_route=\/wp\/v2\/types\/page"}],"author":[{"embeddable":true,"href":"https:\/\/lifepinassa.eu\/index.php?rest_route=\/wp\/v2\/users\/1"}],"replies":[{"embeddable":true,"href":"https:\/\/lifepinassa.eu\/index.php?rest_route=%2Fwp%2Fv2%2Fcomments&post=477"}],"version-history":[{"count":5,"href":"https:\/\/lifepinassa.eu\/index.php?rest_route=\/wp\/v2\/pages\/477\/revisions"}],"predecessor-version":[{"id":1860,"href":"https:\/\/lifepinassa.eu\/index.php?rest_route=\/wp\/v2\/pages\/477\/revisions\/1860"}],"up":[{"embeddable":true,"href":"https:\/\/lifepinassa.eu\/index.php?rest_route=\/wp\/v2\/pages\/463"}],"wp:attachment":[{"href":"https:\/\/lifepinassa.eu\/index.php?rest_route=%2Fwp%2Fv2%2Fmedia&parent=477"}],"curies":[{"name":"wp","href":"https:\/\/api.w.org\/{rel}","templated":true}]}}