{"id":475,"date":"2015-02-04T13:19:48","date_gmt":"2015-02-04T13:19:48","guid":{"rendered":"http:\/\/lifepinassa.eu\/?page_id=475"},"modified":"2018-06-21T07:53:13","modified_gmt":"2018-06-21T07:53:13","slug":"c5-recuperacio-de-rodals-de-pinus-nigra-en-arees-afectades-per-grans-incendis","status":"publish","type":"page","link":"https:\/\/lifepinassa.eu\/?page_id=475","title":{"rendered":"C5. Recuperaci\u00f3 de rodals de Pinus nigra en \u00e0rees afectades per grans incendis"},"content":{"rendered":"<p><a href=\"http:\/\/lifepinassa.eu\/wp-content\/uploads\/2014\/11\/AGS_017.jpg\"><img decoding=\"async\" loading=\"lazy\" class=\"alignright  wp-image-381\" src=\"http:\/\/lifepinassa.eu\/wp-content\/uploads\/2014\/11\/AGS_017-300x225.jpg\" alt=\"AGS_017\" width=\"297\" height=\"226\" \/><\/a><\/p>\n<p>El projecte LIFE Pinassa realitzar\u00e0 tractaments de suport a la regeneraci\u00f3 natural de <em>Pinus nigra<\/em> en rodals afectats per foc d&#8217;alta densitat, on abans de l&#8217;incendi l&#8217;esp\u00e8cie era clarament dominant i en l&#8217;actualitat el foc ha provocat la seva substituci\u00f3 per querc\u00ednies.<\/p>\n<p>Alguns d&#8217;aquests tractaments s\u00f3n:<\/p>\n<ul>\n<li>Desbrossades selectives<\/li>\n<li>Reservacions en les soques de Quercus amb abundant rebrot generat en l&#8217;incendi<\/li>\n<li>Regeneraci\u00f3 natural suportada<\/li>\n<\/ul>\n<h4>Objectius espec\u00edfics<\/h4>\n<ol>\n<li>Millorar la regeneraci\u00f3 de <em>Pinus nigra<\/em> en \u00e0rees afectades per grans incendis forestals que han alterat substancialment l&#8217;h\u00e0bitat i on la persist\u00e8ncia de l&#8217;esp\u00e8cie est\u00e0 clarament en perill.<\/li>\n<li>Exemplificar la gesti\u00f3 per a la millora de boscos joves i densos d&#8217;escassa vitalitat, baixa diversitat estructural i elevat risc d&#8217;incendi, i que permeti la multifuncionalitat de l&#8217;h\u00e0bitat, compatibilitzant la conservaci\u00f3 de l&#8217;h\u00e0bitat amb una gesti\u00f3 ecol\u00f2gica, econ\u00f2mica i socialment sostenible.<\/li>\n<li>Elaborar material de transfer\u00e8ncia on es recullin les principals recomanacions de gesti\u00f3 sobre tractaments de clares de millora per garantir la conservaci\u00f3 i millora de l&#8217;h\u00e0bitat en boscos de <em>Pinus nigra<\/em> mitjan\u00e7ant l&#8217;aplicaci\u00f3 de les millors t\u00e8cniques disponibles (BAT) de Gesti\u00f3 Forestal Sostenible (SFM), fent compatible la conservaci\u00f3 amb la resta de funcions del bosc (socioecon\u00f2mica i recreativa).<\/li>\n<\/ol>\n<p>Constitueix una acci\u00f3 demostrativa per a la seva aplicabilitat al conjunt dels boscos de pinassa d&#8217;aquesta estructura d&#8217;h\u00e0bitat en el conjunt de la seva distribuci\u00f3 ib\u00e8rica. Els rodals on s&#8217;actuar\u00e0 presenten un elevat valor demostratiu: es localitzaran en llocs de bona accessibilitat, s\u00f3n representatius de la tipologia d&#8217;h\u00e0bitat identificada, i amb totes les facilitats per a la seva posterior visita a accions de formaci\u00f3 i divulgaci\u00f3.<\/p>\n<h4>Resultats<\/h4>\n<p>En el projecte es planifiquen un total 36ha, 12 ha a la regi\u00f3 prepirinenca i central i 24ha en la meridional. Finalitzada l&#8217;Acci\u00f3 3, s&#8217;han seleccionat un total de <strong>31,57ha.<\/strong> La distribuci\u00f3 per ZEC i el seu estat d&#8217;execuci\u00f3 es mostren a la Taula 1.<\/p>\n<p>Taula 1. Distribuci\u00f3 i estat de les Accions C5 segons Programa de conservaci\u00f3<\/p>\n<table>\n<tbody>\n<tr>\n<td rowspan=\"2\"><strong>\u00c0MBIT<\/strong><\/td>\n<td rowspan=\"2\"><strong>ZEC<\/strong><\/td>\n<td rowspan=\"2\"><strong>Superf\u00edcie<\/strong><strong>(ha)<\/strong><\/td>\n<td colspan=\"2\"><strong>TREBALLS DE CONSERVACI\u00d3N<\/strong><\/td>\n<\/tr>\n<tr>\n<td><strong>Superf\u00edcie (ha)<\/strong><\/td>\n<td><strong>Estat<\/strong><\/td>\n<\/tr>\n<tr>\n<td>Prepirenaic i central<\/td>\n<td>ES5110012 Montserrat-Roques Blanques-riu Llobregat<\/td>\n<td>23,97*<\/td>\n<td>10,28<\/td>\n<td>Finalitzats<\/td>\n<\/tr>\n<tr>\n<td>Meridional<\/td>\n<td>ES5140009 Tivissa-Vandell\u00f3s_Llaberia<\/td>\n<td>7,60<\/td>\n<td>7,60<\/td>\n<td>Finalitzats<\/td>\n<\/tr>\n<\/tbody>\n<\/table>\n<p>*El rodal ha de regenerarse de forma natural a partir de\u00a0punts d&#8217;expansi\u00f3. Les accions sobre el matoll i altres esp\u00e8cies que competeixen amb <em>Pinus nigra<\/em> es realitzen en 10,28ha, a la resta del rodal no cal eliminar aquesta compet\u00e8ncia.<\/p>\n<p>&nbsp;<\/p>\n<p><a href=\"http:\/\/lifepinassa.eu\/wp-content\/uploads\/2014\/11\/pinassa5.png\"><img decoding=\"async\" loading=\"lazy\" class=\"alignleft wp-image-1365 size-medium\" src=\"http:\/\/lifepinassa.eu\/wp-content\/uploads\/2014\/11\/pinassa5-300x225.png\" alt=\"pinassa5\" width=\"300\" height=\"225\" srcset=\"https:\/\/lifepinassa.eu\/wp-content\/uploads\/2014\/11\/pinassa5-300x225.png 300w, https:\/\/lifepinassa.eu\/wp-content\/uploads\/2014\/11\/pinassa5-100x75.png 100w, https:\/\/lifepinassa.eu\/wp-content\/uploads\/2014\/11\/pinassa5-150x112.png 150w, https:\/\/lifepinassa.eu\/wp-content\/uploads\/2014\/11\/pinassa5-200x150.png 200w, https:\/\/lifepinassa.eu\/wp-content\/uploads\/2014\/11\/pinassa5-450x337.png 450w, https:\/\/lifepinassa.eu\/wp-content\/uploads\/2014\/11\/pinassa5-600x450.png 600w, https:\/\/lifepinassa.eu\/wp-content\/uploads\/2014\/11\/pinassa5.png 724w\" sizes=\"(max-width: 300px) 100vw, 300px\" \/><\/a><\/p>\n<p>&nbsp;<\/p>\n<p>&nbsp;<\/p>\n<p>&nbsp;<\/p>\n<p>&nbsp;<\/p>\n<p>&nbsp;<\/p>\n<p>&nbsp;<\/p>\n<p>&nbsp;<\/p>\n<p>&nbsp;<\/p>\n<p>Figura 1. Desbrossada, eliminaci\u00f3n de matoll i peus de\u00a0<em>Pinus halepensis a\u00a0<\/em>Montserrat-Roques Blanques-riu Llobregat per afavorir la regeneraci\u00ad\u00f3 de la pinassa.<\/p>\n<p>&nbsp;<\/p>\n","protected":false},"excerpt":{"rendered":"<p>El projecte LIFE Pinassa realitzar\u00e0 tractaments de suport a la regeneraci\u00f3 natural de Pinus nigra en rodals afectats per foc d&#8217;alta densitat, on abans de l&#8217;incendi l&#8217;esp\u00e8cie era clarament dominant i en l&#8217;actualitat el foc ha provocat la seva substituci\u00f3<span class=\"ellipsis\">&hellip;<\/span><\/p>\n<div class=\"read-more\"><a href=\"https:\/\/lifepinassa.eu\/?page_id=475\">Read more &#8250;<\/a><\/div>\n<p><!-- end of .read-more --><\/p>\n","protected":false},"author":1,"featured_media":0,"parent":463,"menu_order":5,"comment_status":"open","ping_status":"open","template":"","meta":{"om_disable_all_campaigns":false,"_mi_skip_tracking":false,"ngg_post_thumbnail":0},"aioseo_notices":[],"_links":{"self":[{"href":"https:\/\/lifepinassa.eu\/index.php?rest_route=\/wp\/v2\/pages\/475"}],"collection":[{"href":"https:\/\/lifepinassa.eu\/index.php?rest_route=\/wp\/v2\/pages"}],"about":[{"href":"https:\/\/lifepinassa.eu\/index.php?rest_route=\/wp\/v2\/types\/page"}],"author":[{"embeddable":true,"href":"https:\/\/lifepinassa.eu\/index.php?rest_route=\/wp\/v2\/users\/1"}],"replies":[{"embeddable":true,"href":"https:\/\/lifepinassa.eu\/index.php?rest_route=%2Fwp%2Fv2%2Fcomments&post=475"}],"version-history":[{"count":4,"href":"https:\/\/lifepinassa.eu\/index.php?rest_route=\/wp\/v2\/pages\/475\/revisions"}],"predecessor-version":[{"id":1859,"href":"https:\/\/lifepinassa.eu\/index.php?rest_route=\/wp\/v2\/pages\/475\/revisions\/1859"}],"up":[{"embeddable":true,"href":"https:\/\/lifepinassa.eu\/index.php?rest_route=\/wp\/v2\/pages\/463"}],"wp:attachment":[{"href":"https:\/\/lifepinassa.eu\/index.php?rest_route=%2Fwp%2Fv2%2Fmedia&parent=475"}],"curies":[{"name":"wp","href":"https:\/\/api.w.org\/{rel}","templated":true}]}}