{"id":473,"date":"2015-02-04T13:14:54","date_gmt":"2015-02-04T13:14:54","guid":{"rendered":"http:\/\/lifepinassa.eu\/?page_id=473"},"modified":"2018-06-21T07:53:00","modified_gmt":"2018-06-21T07:53:00","slug":"c4-millora-de-lestructura-maduresa-i-biodiversitat-de-boscos-destructura-irregular-intensament-explotats-i-degradats","status":"publish","type":"page","link":"https:\/\/lifepinassa.eu\/?page_id=473","title":{"rendered":"C4. Millora de l&#8217;estructura, maduresa i biodiversitat de boscos d&#8217;estructura irregular intensament explotats i degradats"},"content":{"rendered":"<p><a href=\"http:\/\/lifepinassa.eu\/wp-content\/uploads\/2014\/11\/C5_irregular.jpg\"><img decoding=\"async\" loading=\"lazy\" class=\"alignright  wp-image-377\" src=\"http:\/\/lifepinassa.eu\/wp-content\/uploads\/2014\/11\/C5_irregular-300x199.jpg\" alt=\"C5_irregular\" width=\"312\" height=\"207\" srcset=\"https:\/\/lifepinassa.eu\/wp-content\/uploads\/2014\/11\/C5_irregular-300x199.jpg 300w, https:\/\/lifepinassa.eu\/wp-content\/uploads\/2014\/11\/C5_irregular-1024x680.jpg 1024w, https:\/\/lifepinassa.eu\/wp-content\/uploads\/2014\/11\/C5_irregular-100x66.jpg 100w, https:\/\/lifepinassa.eu\/wp-content\/uploads\/2014\/11\/C5_irregular-150x99.jpg 150w, https:\/\/lifepinassa.eu\/wp-content\/uploads\/2014\/11\/C5_irregular-200x132.jpg 200w, https:\/\/lifepinassa.eu\/wp-content\/uploads\/2014\/11\/C5_irregular-450x299.jpg 450w, https:\/\/lifepinassa.eu\/wp-content\/uploads\/2014\/11\/C5_irregular-600x398.jpg 600w, https:\/\/lifepinassa.eu\/wp-content\/uploads\/2014\/11\/C5_irregular-900x598.jpg 900w\" sizes=\"(max-width: 312px) 100vw, 312px\" \/><\/a><\/p>\n<p>El projecte LIFE Pinassa realitzar\u00e0 tallades de selecci\u00f3 en les que s&#8217;eliminaran els individus deficients i d&#8217;escassa vitalitat i els peus que competeixen amb els arbres m\u00e9s vitals i s&#8217;obriran cons de regeneraci\u00f3 (petites obertures del dosser o bosquets de menys de 1000 m2) molt adequats per promoure la regeneraci\u00f3 de l&#8217;esp\u00e8cie, per a la millora de l&#8217;heterogene\u00eftat estructural de l&#8217;h\u00e0bitat i per afavorir la diversitat d&#8217;esp\u00e8cies de sotabosc. Es distribuiran dispersos aleat\u00f2riament pel rodal.<\/p>\n<p>La reducci\u00f3 de biomassa combustible amb continu\u00eftat vertical generar\u00e0 una estructura desfavorable a la propagaci\u00f3 d&#8217;incendis.<\/p>\n<h4>Objectius espec\u00edfics<\/h4>\n<ol>\n<li>Millorar l&#8217;heterogene\u00eftat de la vegetaci\u00f3, la complexitat ecol\u00f2gica i la biodiversitat del bosc.<\/li>\n<li>Condicionar el creixement del bosc per conduir cap a estadis de maduresa estructural a llarg i mig termini, a la vegada que s&#8217;aconsegueix una major estabilitat de l&#8217;estrat arbori en el seu conjunt.<\/li>\n<li>Reduir el perill d&#8217;incendis forestals d&#8217;aquests boscos i la seva resili\u00e8ncia enfront del canvi clim\u00e0tic<\/li>\n<li>Exemplificar la gesti\u00f3 per a la millora de boscos joves i densos d&#8217;escassa vitalitat, baixa diversitat estructural i elevat risc d&#8217;incendi, i que permeti la multifuncionalitat de l&#8217;h\u00e0bitat, compatibilitzant la conservaci\u00f3 de l&#8217;h\u00e0bitat amb una gesti\u00f3 ecol\u00f2gica, econ\u00f2mica i socialment sostenible.<\/li>\n<li>Elaborar material de transfer\u00e8ncia on es recullin les principals recomanacions de gesti\u00f3 sobre tractaments de clares de millora per garantir la conservaci\u00f3 i millora de l&#8217;h\u00e0bitat en boscos de Pinus nigra mitjan\u00e7ant l&#8217;aplicaci\u00f3 de les millors t\u00e8cniques disponibles (BAT) de Gesti\u00f3 Forestal Sostenible (SFM), fent compatible la conservaci\u00f3 amb la resta de funcions del bosc (socioecon\u00f2mica i recreativa).<\/li>\n<\/ol>\n<p>Constitueix una acci\u00f3 demostrativa per a la seva aplicabilitat al conjunt dels boscos de pinassa d&#8217;aquesta estructura d&#8217;h\u00e0bitat en el conjunt de la seva distribuci\u00f3 ib\u00e8rica. Els rodals on s&#8217;actuar\u00e0 presenten un elevat valor demostratiu: es localitzaran en llocs de bona accessibilitat, s\u00f3n representatius de la tipologia d&#8217;h\u00e0bitat identificada, i amb totes les facilitats per a la seva posterior visita a accions de formaci\u00f3 i divulgaci\u00f3.<\/p>\n<h4>Resultats<\/h4>\n<p>Es planifiquen un total 48ha, 22ha a la regi\u00f3 prepirinenca i central i 26ha en la meridional. Finalitzada l&#8217;Acci\u00f3 3, s&#8217;han seleccionat un total de <strong>39,94ha.<\/strong> Durant el proc\u00e9s de tramitaci\u00f3 de les accions previstes s&#8217;han excl\u00f2s 2 rodals amb un total de 3,46ha, a causa dels condicionants d&#8217;execuci\u00f3 establerts pels \u00f2rgans de gesti\u00f3 del Parc Natural dels Ports. La distribuci\u00f3 de les accions per ZEC i el seu estat d&#8217;execuci\u00f3 es mostren a la Taula 1:<\/p>\n<p>Taula 1. Distribuci\u00f3 i estat de les Accions C4 segons Programa de conservaci\u00f3<\/p>\n<table>\n<tbody>\n<tr>\n<td rowspan=\"2\"><b>\u00c0MBIT<\/b><\/td>\n<td rowspan=\"2\"><strong>ZEC<\/strong><\/td>\n<td rowspan=\"2\"><strong>Superf\u00edcie <\/strong><strong>(ha) <\/strong><\/td>\n<td colspan=\"2\"><strong>TREBALLS DE\u00a0CONSERVACI\u00d3<\/strong><\/td>\n<\/tr>\n<tr>\n<td><strong>Superf\u00edcie (ha)<\/strong><\/td>\n<td><strong>Estat<\/strong><\/td>\n<\/tr>\n<tr>\n<td>Prepirenaic i central<\/td>\n<td>ES0000018Prepirineu Central Catal\u00e0<\/td>\n<td>24,08<\/td>\n<td>17,1*<\/td>\n<td>Finalitzats<\/td>\n<\/tr>\n<tr>\n<td>Meridional<\/td>\n<td>ES5140011 Sistema Prelitoral Meridional<\/td>\n<td>15,86<\/td>\n<td>15,86<\/td>\n<td>Finalitzats<\/td>\n<\/tr>\n<\/tbody>\n<\/table>\n<p>*En el proc\u00e9s de marcatge s&#8217;han excl\u00f2s 6,98ha de tallada\u00a0per dificultat en el desembosc, repartides en diferents \u00e0rees, de pendent elevada i baixa densitat vi\u00e0ria<\/p>\n<p>&nbsp;<\/p>\n<p><a href=\"http:\/\/lifepinassa.eu\/wp-content\/uploads\/2014\/11\/pinassa4.png\"><img decoding=\"async\" loading=\"lazy\" class=\"alignleft wp-image-1364 size-medium\" src=\"http:\/\/lifepinassa.eu\/wp-content\/uploads\/2014\/11\/pinassa4-300x223.png\" alt=\"pinassa4\" width=\"300\" height=\"223\" srcset=\"https:\/\/lifepinassa.eu\/wp-content\/uploads\/2014\/11\/pinassa4-300x223.png 300w, https:\/\/lifepinassa.eu\/wp-content\/uploads\/2014\/11\/pinassa4-100x74.png 100w, https:\/\/lifepinassa.eu\/wp-content\/uploads\/2014\/11\/pinassa4-150x111.png 150w, https:\/\/lifepinassa.eu\/wp-content\/uploads\/2014\/11\/pinassa4-200x148.png 200w, https:\/\/lifepinassa.eu\/wp-content\/uploads\/2014\/11\/pinassa4-450x335.png 450w, https:\/\/lifepinassa.eu\/wp-content\/uploads\/2014\/11\/pinassa4-600x446.png 600w, https:\/\/lifepinassa.eu\/wp-content\/uploads\/2014\/11\/pinassa4-900x670.png 900w, https:\/\/lifepinassa.eu\/wp-content\/uploads\/2014\/11\/pinassa4.png 960w\" sizes=\"(max-width: 300px) 100vw, 300px\" \/><\/a><\/p>\n<p>&nbsp;<\/p>\n<p>&nbsp;<\/p>\n<p>&nbsp;<\/p>\n<p>&nbsp;<\/p>\n<p>&nbsp;<\/p>\n<p>&nbsp;<\/p>\n<p>&nbsp;<\/p>\n<p>Figura 1. Tallada\u00a0selectiva i generaci\u00f3 de fusta morta al Prepirineu Central Catal\u00e0<\/p>\n<p>&nbsp;<\/p>\n","protected":false},"excerpt":{"rendered":"<p>El projecte LIFE Pinassa realitzar\u00e0 tallades de selecci\u00f3 en les que s&#8217;eliminaran els individus deficients i d&#8217;escassa vitalitat i els peus que competeixen amb els arbres m\u00e9s vitals i s&#8217;obriran cons de regeneraci\u00f3 (petites obertures del dosser o bosquets de<span class=\"ellipsis\">&hellip;<\/span><\/p>\n<div class=\"read-more\"><a href=\"https:\/\/lifepinassa.eu\/?page_id=473\">Read more &#8250;<\/a><\/div>\n<p><!-- end of .read-more --><\/p>\n","protected":false},"author":1,"featured_media":0,"parent":463,"menu_order":4,"comment_status":"open","ping_status":"open","template":"","meta":{"om_disable_all_campaigns":false,"_mi_skip_tracking":false,"ngg_post_thumbnail":0},"aioseo_notices":[],"_links":{"self":[{"href":"https:\/\/lifepinassa.eu\/index.php?rest_route=\/wp\/v2\/pages\/473"}],"collection":[{"href":"https:\/\/lifepinassa.eu\/index.php?rest_route=\/wp\/v2\/pages"}],"about":[{"href":"https:\/\/lifepinassa.eu\/index.php?rest_route=\/wp\/v2\/types\/page"}],"author":[{"embeddable":true,"href":"https:\/\/lifepinassa.eu\/index.php?rest_route=\/wp\/v2\/users\/1"}],"replies":[{"embeddable":true,"href":"https:\/\/lifepinassa.eu\/index.php?rest_route=%2Fwp%2Fv2%2Fcomments&post=473"}],"version-history":[{"count":4,"href":"https:\/\/lifepinassa.eu\/index.php?rest_route=\/wp\/v2\/pages\/473\/revisions"}],"predecessor-version":[{"id":1858,"href":"https:\/\/lifepinassa.eu\/index.php?rest_route=\/wp\/v2\/pages\/473\/revisions\/1858"}],"up":[{"embeddable":true,"href":"https:\/\/lifepinassa.eu\/index.php?rest_route=\/wp\/v2\/pages\/463"}],"wp:attachment":[{"href":"https:\/\/lifepinassa.eu\/index.php?rest_route=%2Fwp%2Fv2%2Fmedia&parent=473"}],"curies":[{"name":"wp","href":"https:\/\/api.w.org\/{rel}","templated":true}]}}