{"id":466,"date":"2015-02-04T12:50:28","date_gmt":"2015-02-04T12:50:28","guid":{"rendered":"http:\/\/lifepinassa.eu\/?page_id=466"},"modified":"2018-06-21T07:47:10","modified_gmt":"2018-06-21T07:47:10","slug":"c1-conservacio-i-posada-en-valor-de-rodals-singulars-de-pinus-nigra","status":"publish","type":"page","link":"https:\/\/lifepinassa.eu\/?page_id=466","title":{"rendered":"C1. Conservaci\u00f3 i posada en valor de rodals singulars de Pinus nigra"},"content":{"rendered":"<p>El projecte LIFE Pinassa ha protegit i millorat l&#8217;estabilitat i l&#8217;estat de conservaci\u00f3 dels rodals singulars de titularitat privada i p\u00fablica, en els quals s&#8217;han identificat problemes d&#8217;estabilitat, manca d&#8217;heterogene\u00eftat, escassa regeneraci\u00f3 i falta de regulaci\u00f3 de l&#8217;\u00fas p\u00fablic<\/p>\n<h4><a href=\"http:\/\/lifepinassa.eu\/wp-content\/uploads\/2015\/02\/Imatge_vertical.jpg\"><img decoding=\"async\" loading=\"lazy\" class=\"alignright wp-image-1837 size-medium\" src=\"http:\/\/lifepinassa.eu\/wp-content\/uploads\/2015\/02\/Imatge_vertical-200x300.jpg\" alt=\"Imatge_vertical\" width=\"200\" height=\"300\" srcset=\"https:\/\/lifepinassa.eu\/wp-content\/uploads\/2015\/02\/Imatge_vertical-200x299.jpg 200w, https:\/\/lifepinassa.eu\/wp-content\/uploads\/2015\/02\/Imatge_vertical-683x1024.jpg 683w, https:\/\/lifepinassa.eu\/wp-content\/uploads\/2015\/02\/Imatge_vertical-100x149.jpg 100w, https:\/\/lifepinassa.eu\/wp-content\/uploads\/2015\/02\/Imatge_vertical-150x224.jpg 150w, https:\/\/lifepinassa.eu\/wp-content\/uploads\/2015\/02\/Imatge_vertical-300x449.jpg 300w, https:\/\/lifepinassa.eu\/wp-content\/uploads\/2015\/02\/Imatge_vertical-450x674.jpg 450w, https:\/\/lifepinassa.eu\/wp-content\/uploads\/2015\/02\/Imatge_vertical-600x898.jpg 600w, https:\/\/lifepinassa.eu\/wp-content\/uploads\/2015\/02\/Imatge_vertical.jpg 849w\" sizes=\"(max-width: 200px) 100vw, 200px\" \/><\/a>Objectius espec\u00edfics<\/h4>\n<ol>\n<li>Millorar l&#8217;estabilitat estructural i garantir la conservaci\u00f3 i regeneraci\u00f3 a curt i mig termini dels petits rodals singulars de pinassa de Catalunya amb caracter\u00edstiques extraordin\u00e0ries de maduresa o que tendeixen a estructures madures excepcionals.<\/li>\n<li>Posar en valor els diferents serveis que poden oferir els rodals singulars a la societat: a) establiment de parcel\u00b7les permanents per al seguiment cient\u00edfic i aplicacions forestals, donat el seu extraordinari inter\u00e8s ecol\u00f2gic i com a reserva gen\u00e8tica; b) regular l&#8217;\u00fas p\u00fablic en el rodal.<\/li>\n<li>Exemplificar la gesti\u00f3 per a la preservaci\u00f3 dels rodals singulars, com a projecte demostratiu per a la gesti\u00f3 de rodals singulars de l&#8217;Inventari de Boscos Singulars de la Generalitat de Catalunya.<\/li>\n<li>Constituir reserves gen\u00e8tiques que siguin incloses en el Cat\u00e0leg estatal de material de base per a la producci\u00f3 de material forestal de reproducci\u00f3 (MFR).<\/li>\n<\/ol>\n<h4><\/h4>\n<h4>Resultats<\/h4>\n<p>S\u2019han seleccionat 174 ha de rodals singulars amb l\u2019objectiu de destinar-los a evoluci\u00f3 natural, sense perjudici que en determinats casos, quan les condicions t\u00e8cniques ho recomanin (manca d\u2019heterogene\u00eftat, problemes de compet\u00e8ncia o escassa regeneraci\u00f3) efectuar tractaments de millora. En el 24% s\u2019han realitzat tractaments per millorar la conservaci\u00f3 de l\u2019h\u00e0bitat i la resta s\u2019han mantingut a evoluci\u00f3 natural segons la informaci\u00f3 obtinguda a partir dels inventaris previs. La principal actuaci\u00f3 realitzada ha consistit en la millora de la biodiversitat a trav\u00e9s de la creaci\u00f3 de fusta morta en peu (mitjan\u00e7ant l\u2019anellat d\u2019arbres vius) o al s\u00f2l (generant troncs i soques altes). En alguns casos concrets tamb\u00e9 s\u2019han realitzat estassades selectives i en un dels rodals es va fer una aclarida selectiva per alliberar alguns peus d\u2019especial inter\u00e8s (roures, grans pinasses, etc.).<br \/>\nEn els rodals p\u00fablics s\u2019han signat acords o convenis de col\u00b7laboraci\u00f3 mentre que en els rodals privats s\u2019han signat 3 contractes d\u2019arrendament per un per\u00edode de 25 anys en els quals la propietat es compromet a preservar el bosc.<\/p>\n<p>S\u2019ha elaborat un Pla d\u2019\u00fas p\u00fablic dels rodals singulars amb l\u2019objectiu de regular l\u2019aflu\u00e8ncia de visitants i permetre el seu seguiment cient\u00edfic i t\u00e8cnic. Les propostes d\u2019aquest Pla van dirigides a con\u00e8ixer la situaci\u00f3 inicial del rodal, minimitzar l\u2019aflu\u00e8ncia de visites i disminuir el seu impacte. Per aquest motiu, i en base a la caracteritzaci\u00f3, s\u2019han diferenciat els rodals que poden formar part dels circuits d\u2019\u00fas social general, els rodals als quals es pot accedir amb visites guiades i aquells restringits \u00fanicament a visites t\u00e8cniques i cient\u00edfiques. En tots els casos, aquest pla ha estat consensuant amb la propietat.<\/p>\n<p>Taula 1. Distribuci\u00f3 i estat de les Accions C1 segons Programa de conservaci\u00f3<\/p>\n<table>\n<tbody>\n<tr>\n<td rowspan=\"2\"><strong>\u00c0MBIT<\/strong><\/td>\n<td rowspan=\"2\"><strong>ZEC<\/strong><\/td>\n<td rowspan=\"2\"><strong>Superf\u00edcie<\/strong><strong>(ha)<\/strong><\/td>\n<td colspan=\"2\"><strong>TREBALLS DE CONSERVACI\u00d3\u00a0<\/strong><\/td>\n<\/tr>\n<tr>\n<td><strong>Superf\u00edcie (ha)<\/strong><\/td>\n<td><strong>Estat<\/strong><\/td>\n<\/tr>\n<tr>\n<td>Prepirenaic i central<\/td>\n<td>ES5130028 Ribera Salada<\/td>\n<td>8,45<\/td>\n<td>8,45<\/td>\n<td>Finalitzats<\/td>\n<\/tr>\n<tr>\n<td>Prepirenaic i central<\/td>\n<td>ES5130027 Obagues riera de Madrona<\/td>\n<td>3,57<\/td>\n<td>3,57<\/td>\n<td>Finalitzats<\/td>\n<\/tr>\n<tr>\n<td>Meridional<\/td>\n<td>ES5140011 Sistema Prelitoral Meridional<\/td>\n<td>29,31*<\/td>\n<td>19,45<\/td>\n<td>Finalitzats<\/td>\n<\/tr>\n<\/tbody>\n<\/table>\n<p>&nbsp;<\/p>\n<div id=\"attachment_1839\" style=\"width: 610px\" class=\"wp-caption aligncenter\"><a href=\"http:\/\/lifepinassa.eu\/wp-content\/uploads\/2015\/06\/Fig1.jpg\"><img aria-describedby=\"caption-attachment-1839\" decoding=\"async\" loading=\"lazy\" class=\"wp-image-1839 size-full\" src=\"http:\/\/lifepinassa.eu\/wp-content\/uploads\/2015\/06\/Fig1.jpg\" alt=\"\" width=\"600\" height=\"800\" srcset=\"https:\/\/lifepinassa.eu\/wp-content\/uploads\/2015\/06\/Fig1.jpg 600w, https:\/\/lifepinassa.eu\/wp-content\/uploads\/2015\/06\/Fig1-225x300.jpg 225w, https:\/\/lifepinassa.eu\/wp-content\/uploads\/2015\/06\/Fig1-100x133.jpg 100w, https:\/\/lifepinassa.eu\/wp-content\/uploads\/2015\/06\/Fig1-150x200.jpg 150w, https:\/\/lifepinassa.eu\/wp-content\/uploads\/2015\/06\/Fig1-200x266.jpg 200w, https:\/\/lifepinassa.eu\/wp-content\/uploads\/2015\/06\/Fig1-300x400.jpg 300w, https:\/\/lifepinassa.eu\/wp-content\/uploads\/2015\/06\/Fig1-450x600.jpg 450w\" sizes=\"(max-width: 600px) 100vw, 600px\" \/><\/a><p id=\"caption-attachment-1839\" class=\"wp-caption-text\">Figura 1. Generaci\u00f3 de fusta morta al Sistema Prelitoral Meridional<\/p><\/div>\n","protected":false},"excerpt":{"rendered":"<p>El projecte LIFE Pinassa ha protegit i millorat l&#8217;estabilitat i l&#8217;estat de conservaci\u00f3 dels rodals singulars de titularitat privada i p\u00fablica, en els quals s&#8217;han identificat problemes d&#8217;estabilitat, manca d&#8217;heterogene\u00eftat, escassa regeneraci\u00f3 i falta de regulaci\u00f3 de l&#8217;\u00fas p\u00fablic Objectius<span class=\"ellipsis\">&hellip;<\/span><\/p>\n<div class=\"read-more\"><a href=\"https:\/\/lifepinassa.eu\/?page_id=466\">Read more &#8250;<\/a><\/div>\n<p><!-- end of .read-more --><\/p>\n","protected":false},"author":1,"featured_media":0,"parent":463,"menu_order":1,"comment_status":"open","ping_status":"closed","template":"","meta":{"om_disable_all_campaigns":false,"_mi_skip_tracking":false,"ngg_post_thumbnail":0},"aioseo_notices":[],"_links":{"self":[{"href":"https:\/\/lifepinassa.eu\/index.php?rest_route=\/wp\/v2\/pages\/466"}],"collection":[{"href":"https:\/\/lifepinassa.eu\/index.php?rest_route=\/wp\/v2\/pages"}],"about":[{"href":"https:\/\/lifepinassa.eu\/index.php?rest_route=\/wp\/v2\/types\/page"}],"author":[{"embeddable":true,"href":"https:\/\/lifepinassa.eu\/index.php?rest_route=\/wp\/v2\/users\/1"}],"replies":[{"embeddable":true,"href":"https:\/\/lifepinassa.eu\/index.php?rest_route=%2Fwp%2Fv2%2Fcomments&post=466"}],"version-history":[{"count":5,"href":"https:\/\/lifepinassa.eu\/index.php?rest_route=\/wp\/v2\/pages\/466\/revisions"}],"predecessor-version":[{"id":1843,"href":"https:\/\/lifepinassa.eu\/index.php?rest_route=\/wp\/v2\/pages\/466\/revisions\/1843"}],"up":[{"embeddable":true,"href":"https:\/\/lifepinassa.eu\/index.php?rest_route=\/wp\/v2\/pages\/463"}],"wp:attachment":[{"href":"https:\/\/lifepinassa.eu\/index.php?rest_route=%2Fwp%2Fv2%2Fmedia&parent=466"}],"curies":[{"name":"wp","href":"https:\/\/api.w.org\/{rel}","templated":true}]}}