{"id":463,"date":"2015-02-04T12:44:09","date_gmt":"2015-02-04T12:44:09","guid":{"rendered":"http:\/\/lifepinassa.eu\/?page_id=463"},"modified":"2015-02-04T13:50:17","modified_gmt":"2015-02-04T13:50:17","slug":"accions-de-conservacio","status":"publish","type":"page","link":"https:\/\/lifepinassa.eu\/?page_id=463","title":{"rendered":"Accions de conservaci\u00f3"},"content":{"rendered":"<p>Accions de conservaci\u00f3 previstes en el projecte per assolir els objectius\u00a0proposats:<\/p>\n<p style=\"padding-left: 30px;\"><a title=\"C1. Conservaci\u00f3 i posada en valor de rodals singulars de Pinus nigra\" href=\"http:\/\/lifepinassa.eu\/?page_id=466\">c1.\u00a0Conservaci\u00f3 i posada en valor de rodals singulars de<em> Pinus nigra<\/em><\/a><\/p>\n<p style=\"padding-left: 30px;\"><a title=\"C2. Actuacions silv\u00edcoles de millora de l\u2019h\u00e0bitat en boscos joves i densos d\u2019escassa vitalitat, baixa diversitat estructural i elevat risc de incendi\" href=\"http:\/\/lifepinassa.eu\/?page_id=468\">C2. Actuacions silv\u00edcoles de millora de l\u2019h\u00e0bitat en boscos joves i densos d\u2019escassa vitalitat, baixa diversitat estructural i elevat risc de incendi<\/a><\/p>\n<p style=\"padding-left: 30px;\"><a title=\"C3. Actuacions silv\u00edcoles de millora de l\u2019h\u00e0bitat en boscos adults sense regeneraci\u00f3, d\u2019estructura molt simplificada i baixa biodiversitat\" href=\"http:\/\/lifepinassa.eu\/?page_id=471\">C3. Actuacions silv\u00edcoles de millora de l\u2019h\u00e0bitat en boscos adults sense regeneraci\u00f3, d\u2019estructura molt simplificada i baixa biodiversitat<\/a><\/p>\n<p style=\"padding-left: 30px;\"><a title=\"C4. Millora de l\u2019estructura, maduresa i biodiversitat de boscos d\u2019estructura irregular intensament explotats i degradats\" href=\"http:\/\/lifepinassa.eu\/?page_id=473\">C4. Millora de l\u2019estructura, maduresa i biodiversitat de boscos d\u2019estructura irregular intensament explotats i degradats<\/a><\/p>\n<p style=\"padding-left: 30px;\"><a title=\"C5. Recuperaci\u00f3 de rodals de Pinus nigra en \u00e0rees afectades per grans incendis\" href=\"http:\/\/lifepinassa.eu\/?page_id=475\">c5.\u00a0Recuperaci\u00f3 de rodals de<em> Pinus nigra<\/em> en \u00e1rees afectades per grans\u00a0incendis<\/a><\/p>\n<p style=\"padding-left: 30px;\"><a title=\"C6. Actuacions silv\u00edcoles estrat\u00e8giques per a la prevenci\u00f3 de grans incendis forestals en els boscos de Pinus nigra\" href=\"http:\/\/lifepinassa.eu\/?page_id=477\">c6.\u00a0Actuacions silv\u00edcoles estrat\u00e8giques per la prevenci\u00f3 de grans incendis\u00a0forestals en els boscos de <em>Pinus nigra<\/em><\/a><\/p>\n<p style=\"padding-left: 30px;\"><a title=\"C7. Conservaci\u00f3 de boscos de Pinus nigra adults adaptats al r\u00e8gim natural de focs\" href=\"http:\/\/lifepinassa.eu\/?page_id=479\">c7.\u00a0Conservaci\u00f3 de boscos de <em>Pinus nigra<\/em> adults adaptats al r\u00e8gim natural de\u00a0focs<\/a><\/p>\n","protected":false},"excerpt":{"rendered":"<p>Accions de conservaci\u00f3 previstes en el projecte per assolir els objectius\u00a0proposats: c1.\u00a0Conservaci\u00f3 i posada en valor de rodals singulars de Pinus nigra C2. Actuacions silv\u00edcoles de millora de l\u2019h\u00e0bitat en boscos joves i densos d\u2019escassa vitalitat, baixa diversitat estructural i<span class=\"ellipsis\">&hellip;<\/span><\/p>\n<div class=\"read-more\"><a href=\"https:\/\/lifepinassa.eu\/?page_id=463\">Read more &#8250;<\/a><\/div>\n<p><!-- end of .read-more --><\/p>\n","protected":false},"author":1,"featured_media":0,"parent":0,"menu_order":0,"comment_status":"open","ping_status":"open","template":"","meta":{"om_disable_all_campaigns":false,"_mi_skip_tracking":false,"ngg_post_thumbnail":0},"aioseo_notices":[],"_links":{"self":[{"href":"https:\/\/lifepinassa.eu\/index.php?rest_route=\/wp\/v2\/pages\/463"}],"collection":[{"href":"https:\/\/lifepinassa.eu\/index.php?rest_route=\/wp\/v2\/pages"}],"about":[{"href":"https:\/\/lifepinassa.eu\/index.php?rest_route=\/wp\/v2\/types\/page"}],"author":[{"embeddable":true,"href":"https:\/\/lifepinassa.eu\/index.php?rest_route=\/wp\/v2\/users\/1"}],"replies":[{"embeddable":true,"href":"https:\/\/lifepinassa.eu\/index.php?rest_route=%2Fwp%2Fv2%2Fcomments&post=463"}],"version-history":[{"count":3,"href":"https:\/\/lifepinassa.eu\/index.php?rest_route=\/wp\/v2\/pages\/463\/revisions"}],"predecessor-version":[{"id":538,"href":"https:\/\/lifepinassa.eu\/index.php?rest_route=\/wp\/v2\/pages\/463\/revisions\/538"}],"wp:attachment":[{"href":"https:\/\/lifepinassa.eu\/index.php?rest_route=%2Fwp%2Fv2%2Fmedia&parent=463"}],"curies":[{"name":"wp","href":"https:\/\/api.w.org\/{rel}","templated":true}]}}