{"id":457,"date":"2015-02-04T12:34:00","date_gmt":"2015-02-04T12:34:00","guid":{"rendered":"http:\/\/lifepinassa.eu\/?page_id=457"},"modified":"2015-02-04T12:34:00","modified_gmt":"2015-02-04T12:34:00","slug":"serra-de-montserrat","status":"publish","type":"page","link":"https:\/\/lifepinassa.eu\/?page_id=457","title":{"rendered":"Serra de Montserrat"},"content":{"rendered":"<p><a href=\"http:\/\/lifepinassa.eu\/wp-content\/uploads\/2014\/10\/ES5110014.bmp\"><img decoding=\"async\" loading=\"lazy\" class=\"alignright wp-image-332 size-full\" src=\"http:\/\/lifepinassa.eu\/wp-content\/uploads\/2014\/10\/ES5110014.bmp\" alt=\"\" width=\"608\" height=\"423\" \/><\/a><\/p>\n<p>&nbsp;<\/p>\n<table cellspacing=\"5\" cellpadding=\"5\">\n<tbody>\n<tr>\n<td><b>Superf\u00edcie<\/b><strong>\u00a0de pinassa:\u00a0<\/strong><\/td>\n<td>\u00a010 ha<\/td>\n<\/tr>\n<tr>\n<td><strong>Espai Natura 2000:<\/strong><\/td>\n<td>\u00a0<a title=\"NATURA 2000 - STANDARD DATA FORM\" href=\"http:\/\/www20.gencat.cat\/docs\/dmah\/Home\/Ambits%20dactuacio\/Medi%20natural\/Espais%20naturals\/Espais%20naturals%20protegits\/La%20planificacio%20dels%20espais%20naturals%20protegits\/Xarxa%20Natura%202000\/Xarxa%20Natura%202000%20a%20Catalunya\/mapes%201_50000\/barcelona\/FND\/ES5110012.pdf\">\u00a0<\/a><a title=\"NATURA 2000 - STANDARD DATA FORM\" href=\"http:\/\/www20.gencat.cat\/docs\/dmah\/Home\/Ambits%20dactuacio\/Medi%20natural\/Espais%20naturals\/Espais%20naturals%20protegits\/La%20planificacio%20dels%20espais%20naturals%20protegits\/Xarxa%20Natura%202000\/Xarxa%20Natura%202000%20a%20Catalunya\/mapes%201_50000\/barcelona\/FND\/ES5110012.pdf\" target=\"_blank\">ES5110012 &#8211;\u00a0Montserrat-Roques Blanques-Riu Llobregat<\/a><\/td>\n<\/tr>\n<tr>\n<td><strong>Figures de protecci\u00f3:<\/strong><\/td>\n<td><a href=\"http:\/\/parcsnaturals.gencat.cat\/ca\/visiteu-nos\/els_parcs_de_catalunya\/montserrat\/\" target=\"_blank\">Parc Natural de la Muntanya de Montserrat<\/a><br \/>\nReserva Natural Parcial de la Muntanya Montserrat<br \/>\nZona perif\u00e8rica de protecci\u00f3 del Parc natural de la Muntanya de Montserrat<\/td>\n<\/tr>\n<\/tbody>\n<\/table>\n<p>&nbsp;<\/p>\n","protected":false},"excerpt":{"rendered":"<p>&nbsp; Superf\u00edcie\u00a0de pinassa:\u00a0 \u00a010 ha Espai Natura 2000: \u00a0\u00a0ES5110012 &#8211;\u00a0Montserrat-Roques Blanques-Riu Llobregat Figures de protecci\u00f3: Parc Natural de la Muntanya de Montserrat Reserva Natural Parcial de la Muntanya Montserrat Zona perif\u00e8rica de protecci\u00f3 del Parc natural de la Muntanya de<span class=\"ellipsis\">&hellip;<\/span><\/p>\n<div class=\"read-more\"><a href=\"https:\/\/lifepinassa.eu\/?page_id=457\">Read more &#8250;<\/a><\/div>\n<p><!-- end of .read-more --><\/p>\n","protected":false},"author":1,"featured_media":0,"parent":435,"menu_order":0,"comment_status":"open","ping_status":"open","template":"","meta":{"om_disable_all_campaigns":false,"_mi_skip_tracking":false,"ngg_post_thumbnail":0},"aioseo_notices":[],"_links":{"self":[{"href":"https:\/\/lifepinassa.eu\/index.php?rest_route=\/wp\/v2\/pages\/457"}],"collection":[{"href":"https:\/\/lifepinassa.eu\/index.php?rest_route=\/wp\/v2\/pages"}],"about":[{"href":"https:\/\/lifepinassa.eu\/index.php?rest_route=\/wp\/v2\/types\/page"}],"author":[{"embeddable":true,"href":"https:\/\/lifepinassa.eu\/index.php?rest_route=\/wp\/v2\/users\/1"}],"replies":[{"embeddable":true,"href":"https:\/\/lifepinassa.eu\/index.php?rest_route=%2Fwp%2Fv2%2Fcomments&post=457"}],"version-history":[{"count":1,"href":"https:\/\/lifepinassa.eu\/index.php?rest_route=\/wp\/v2\/pages\/457\/revisions"}],"predecessor-version":[{"id":458,"href":"https:\/\/lifepinassa.eu\/index.php?rest_route=\/wp\/v2\/pages\/457\/revisions\/458"}],"up":[{"embeddable":true,"href":"https:\/\/lifepinassa.eu\/index.php?rest_route=\/wp\/v2\/pages\/435"}],"wp:attachment":[{"href":"https:\/\/lifepinassa.eu\/index.php?rest_route=%2Fwp%2Fv2%2Fmedia&parent=457"}],"curies":[{"name":"wp","href":"https:\/\/api.w.org\/{rel}","templated":true}]}}