{"id":428,"date":"2015-02-04T12:06:03","date_gmt":"2015-02-04T12:06:03","guid":{"rendered":"http:\/\/lifepinassa.eu\/?page_id=428"},"modified":"2016-10-12T21:11:28","modified_gmt":"2016-10-12T21:11:28","slug":"resultats","status":"publish","type":"page","link":"https:\/\/lifepinassa.eu\/?page_id=428","title":{"rendered":"Resultats"},"content":{"rendered":"<p>En aquest apartat es trobar\u00e0 el material de transfer\u00e8ncia, elaborat durant el projecte, on es reculliran les principals recomanacions de gesti\u00f3 sobre tractaments per garantir la conservaci\u00f3 i millora de l&#8217;h\u00e0bitat en boscos de <em>Pinus nigra<\/em> mitjan\u00e7ant l&#8217;aplicaci\u00f3 de les millors t\u00e8cniques disponibles (BAT) de gesti\u00f3 Forestal Sostenible (SFM), fent compatible la conservaci\u00f3 amb la resta de funcions del bosc (socioecon\u00f2mica i recreativa).<\/p>\n<p>&nbsp;<\/p>\n<h4>Accions de conservaci\u00f3<\/h4>\n<p>C<a title=\"C1. Conservaci\u00f3 i posada en valor de rodals singulars de Pinus nigra\" href=\"http:\/\/lifepinassa.eu\/?page_id=466\">1.\u00a0Conservaci\u00f3 i posada en valor de rodals singulars de<em> Pinus nigra<\/em><\/a><\/p>\n<p><a title=\"C2. Actuacions silv\u00edcoles de millora de l\u2019h\u00e0bitat en boscos joves i densos d\u2019escassa vitalitat, baixa diversitat estructural i elevat risc de incendi\" href=\"http:\/\/lifepinassa.eu\/?page_id=468\">C2. Actuacions silv\u00edcoles de millora de l\u2019h\u00e0bitat en boscos joves i densos d\u2019escassa vitalitat, baixa diversitat estructural i elevat risc de incendi<\/a><\/p>\n<p><a title=\"C3. Actuacions silv\u00edcoles de millora de l\u2019h\u00e0bitat en boscos adults sense regeneraci\u00f3, d\u2019estructura molt simplificada i baixa biodiversitat\" href=\"http:\/\/lifepinassa.eu\/?page_id=471\">C3. Actuacions silv\u00edcoles de millora de l\u2019h\u00e0bitat en boscos adults sense regeneraci\u00f3, d\u2019estructura molt simplificada i baixa biodiversitat<\/a><\/p>\n<p><a title=\"C4. Millora de l\u2019estructura, maduresa i biodiversitat de boscos d\u2019estructura irregular intensament explotats i degradats\" href=\"http:\/\/lifepinassa.eu\/?page_id=473\">C4. Millora de l\u2019estructura, maduresa i biodiversitat de boscos d\u2019estructura irregular intensament explotats i degradats<\/a><\/p>\n<p>C<a title=\"C5. Recuperaci\u00f3 de rodals de Pinus nigra en \u00e0rees afectades per grans incendis\" href=\"http:\/\/lifepinassa.eu\/?page_id=475\">5.\u00a0Recuperaci\u00f3 de rodals de<em> Pinus nigra<\/em> en \u00e1rees afectades per grans\u00a0incendis<\/a><\/p>\n<p>C<a title=\"C6. Actuacions silv\u00edcoles estrat\u00e8giques per a la prevenci\u00f3 de grans incendis forestals en els boscos de Pinus nigra\" href=\"http:\/\/lifepinassa.eu\/?page_id=477\">6.\u00a0Actuacions silv\u00edcoles estrat\u00e8giques per la prevenci\u00f3 de grans incendis\u00a0forestals en els boscos de <em>Pinus nigra<\/em><\/a><\/p>\n<p>C<a title=\"C7. Conservaci\u00f3 de boscos de Pinus nigra adults adaptats al r\u00e8gim natural de focs\" href=\"http:\/\/lifepinassa.eu\/?page_id=479\">7.\u00a0Conservaci\u00f3 de boscos de <em>Pinus nigra<\/em> adults adaptats al r\u00e8gim natural de\u00a0focs<\/a><\/p>\n<p>&nbsp;<\/p>\n<h4>Monitoritzaci\u00f3 de l&#8217;impacte de les accions del projecte<\/h4>\n<p><a href=\"http:\/\/lifepinassa.eu\/?p=1418\">Creaci\u00f3 del Comit\u00e8 Assessor d&#8217;Experts per al seguiment t\u00e8cnic de les accions<\/a><\/p>\n<p><a href=\"http:\/\/lifepinassa.eu\/?p=1432\">Seguiment ecol\u00f2gic de les actuacions de conservaci\u00f3<\/a><\/p>\n<p>&nbsp;<\/p>\n<h4>Accions de difusi\u00f3<\/h4>\n<p><a href=\"http:\/\/lifepinassa.eu\/?p=1444%20\">Visites guiades, aules i jornades de transfer\u00e8ncia i edici\u00f3 de material divulgatiu de petit format<\/a><\/p>\n<p><a href=\"http:\/\/lifepinassa.eu\/?p=1456\">Comunicacions cient\u00edfiques i t\u00e8cniques en jornades i congressos sectorials i redacci\u00f3 d&#8217;articles<\/a><\/p>\n<p>&nbsp;<\/p>\n<h4>Material de divulgaci\u00f3<\/h4>\n<p style=\"padding-left: 30px;\"><strong><a href=\"http:\/\/lifepinassa.eu\/wp-content\/uploads\/2015\/02\/TripticLIFEPinassa.pdf\">Tr\u00edptic informatiu del projecte LIFE Pinassa<\/a><\/strong><\/p>\n<p style=\"padding-left: 30px;\"><strong><a href=\"http:\/\/lifepinassa.eu\/docs\/conservacio.pdf\" target=\"_blank\">Panell explicatiu de les accions de conservaci\u00f3 de rodals singulars <\/a><\/strong><\/p>\n<p style=\"padding-left: 30px;\"><strong><a href=\"http:\/\/lifepinassa.eu\/docs\/gestio_conservacio.pdf\" target=\"_blank\">Panell explicatiu de les accions de gesti\u00f3 per a la conservaci\u00f3 <\/a><\/strong><\/p>\n<p style=\"padding-left: 30px;\"><strong><a href=\"http:\/\/lifepinassa.eu\/docs\/gestio_incendis.pdf\" target=\"_blank\">Panell explicatiu de les accions de gesti\u00f3 d&#8217;incendis i de regeneraci\u00f3 post-incendi <\/a><\/strong><\/p>\n<p>&nbsp;<\/p>\n<p>&nbsp;<\/p>\n","protected":false},"excerpt":{"rendered":"<p>En aquest apartat es trobar\u00e0 el material de transfer\u00e8ncia, elaborat durant el projecte, on es reculliran les principals recomanacions de gesti\u00f3 sobre tractaments per garantir la conservaci\u00f3 i millora de l&#8217;h\u00e0bitat en boscos de Pinus nigra mitjan\u00e7ant l&#8217;aplicaci\u00f3 de les<span class=\"ellipsis\">&hellip;<\/span><\/p>\n<div class=\"read-more\"><a href=\"https:\/\/lifepinassa.eu\/?page_id=428\">Read more &#8250;<\/a><\/div>\n<p><!-- end of .read-more --><\/p>\n","protected":false},"author":1,"featured_media":0,"parent":0,"menu_order":0,"comment_status":"open","ping_status":"open","template":"","meta":{"om_disable_all_campaigns":false,"_mi_skip_tracking":false,"ngg_post_thumbnail":0},"aioseo_notices":[],"_links":{"self":[{"href":"https:\/\/lifepinassa.eu\/index.php?rest_route=\/wp\/v2\/pages\/428"}],"collection":[{"href":"https:\/\/lifepinassa.eu\/index.php?rest_route=\/wp\/v2\/pages"}],"about":[{"href":"https:\/\/lifepinassa.eu\/index.php?rest_route=\/wp\/v2\/types\/page"}],"author":[{"embeddable":true,"href":"https:\/\/lifepinassa.eu\/index.php?rest_route=\/wp\/v2\/users\/1"}],"replies":[{"embeddable":true,"href":"https:\/\/lifepinassa.eu\/index.php?rest_route=%2Fwp%2Fv2%2Fcomments&post=428"}],"version-history":[{"count":9,"href":"https:\/\/lifepinassa.eu\/index.php?rest_route=\/wp\/v2\/pages\/428\/revisions"}],"predecessor-version":[{"id":1458,"href":"https:\/\/lifepinassa.eu\/index.php?rest_route=\/wp\/v2\/pages\/428\/revisions\/1458"}],"wp:attachment":[{"href":"https:\/\/lifepinassa.eu\/index.php?rest_route=%2Fwp%2Fv2%2Fmedia&parent=428"}],"curies":[{"name":"wp","href":"https:\/\/api.w.org\/{rel}","templated":true}]}}