{"id":416,"date":"2015-02-04T11:57:22","date_gmt":"2015-02-04T11:57:22","guid":{"rendered":"http:\/\/lifepinassa.eu\/?page_id=416"},"modified":"2015-02-04T11:57:22","modified_gmt":"2015-02-04T11:57:22","slug":"enllacos","status":"publish","type":"page","link":"https:\/\/lifepinassa.eu\/?page_id=416","title":{"rendered":"Enlla\u00e7os"},"content":{"rendered":"<h4 style=\"padding-left: 30px;\">Socis<\/h4>\n<p style=\"padding-left: 60px;\"><a href=\"http:\/\/cpf.gencat.cat\/ca\/\" target=\"_blank\">Centre de la Propietat Forestal<\/a><\/p>\n<p style=\"padding-left: 60px;\"><a href=\"http:\/\/www.ctfc.cat\/\" target=\"_blank\">Centre Tecnol\u00f2gic Forestal de Catalunya<\/a><\/p>\n<p style=\"padding-left: 60px;\"><a href=\"http:\/\/www.fundaciocatalunya-lapedrera.com\/ca\/home\" target=\"_blank\">Fundaci\u00f3 Catalunya La Pedrera<\/a><\/p>\n<p style=\"padding-left: 60px;\"><a href=\"http:\/\/interior.gencat.cat\/ca\/\" target=\"_blank\">Departament d&#8217;Interior<\/a><\/p>\n<h4 style=\"padding-left: 30px;\">Finan\u00e7adors<\/h4>\n<p style=\"padding-left: 60px;\"><a href=\"http:\/\/ec.europa.eu\/environment\/life\/index.htm\" target=\"_blank\">Programa LIFE<\/a><\/p>\n<p style=\"padding-left: 60px;\"><a href=\"agricultura.gencat.cat\/ca\" target=\"_blank\">Departament d&#8217;Agricultura, Ramaderia, Pesca, Alimentaci\u00f3 i Medi Natural<\/a><\/p>\n<p style=\"padding-left: 60px;\">\n","protected":false},"excerpt":{"rendered":"<p>Socis Centre de la Propietat Forestal Centre Tecnol\u00f2gic Forestal de Catalunya Fundaci\u00f3 Catalunya La Pedrera Departament d&#8217;Interior Finan\u00e7adors Programa LIFE Departament d&#8217;Agricultura, Ramaderia, Pesca, Alimentaci\u00f3 i Medi Natural<\/p>\n","protected":false},"author":1,"featured_media":0,"parent":0,"menu_order":0,"comment_status":"open","ping_status":"open","template":"","meta":{"om_disable_all_campaigns":false,"_mi_skip_tracking":false,"ngg_post_thumbnail":0},"aioseo_notices":[],"_links":{"self":[{"href":"https:\/\/lifepinassa.eu\/index.php?rest_route=\/wp\/v2\/pages\/416"}],"collection":[{"href":"https:\/\/lifepinassa.eu\/index.php?rest_route=\/wp\/v2\/pages"}],"about":[{"href":"https:\/\/lifepinassa.eu\/index.php?rest_route=\/wp\/v2\/types\/page"}],"author":[{"embeddable":true,"href":"https:\/\/lifepinassa.eu\/index.php?rest_route=\/wp\/v2\/users\/1"}],"replies":[{"embeddable":true,"href":"https:\/\/lifepinassa.eu\/index.php?rest_route=%2Fwp%2Fv2%2Fcomments&post=416"}],"version-history":[{"count":1,"href":"https:\/\/lifepinassa.eu\/index.php?rest_route=\/wp\/v2\/pages\/416\/revisions"}],"predecessor-version":[{"id":418,"href":"https:\/\/lifepinassa.eu\/index.php?rest_route=\/wp\/v2\/pages\/416\/revisions\/418"}],"wp:attachment":[{"href":"https:\/\/lifepinassa.eu\/index.php?rest_route=%2Fwp%2Fv2%2Fmedia&parent=416"}],"curies":[{"name":"wp","href":"https:\/\/api.w.org\/{rel}","templated":true}]}}