{"id":411,"date":"2015-02-04T11:51:47","date_gmt":"2015-02-04T11:51:47","guid":{"rendered":"http:\/\/lifepinassa.eu\/?page_id=411"},"modified":"2016-07-11T08:12:43","modified_gmt":"2016-07-11T08:12:43","slug":"objectius","status":"publish","type":"page","link":"https:\/\/lifepinassa.eu\/?page_id=411","title":{"rendered":"Objectius"},"content":{"rendered":"<blockquote><p>El LIFE + Pinassa t\u00e9 com a objectiu principal millorar la conservaci\u00f3 dels boscos de pinassa (<em>Pinus nigra<\/em>) a Catalunya (h\u00e0bitat 9530 * Pinedes (sud-) mediterr\u00e0nies de <em>Pinus nigra<\/em> end\u00e8mics).<\/p><\/blockquote>\n<p style=\"text-align: left;\"><a href=\"http:\/\/lifepinassa.eu\/wp-content\/uploads\/2014\/10\/AGS_007.jpg\"><img decoding=\"async\" loading=\"lazy\" class=\"aligncenter wp-image-349 size-medium\" src=\"http:\/\/lifepinassa.eu\/wp-content\/uploads\/2014\/10\/AGS_007-300x225.jpg\" alt=\"AGS_007\" width=\"300\" height=\"225\" srcset=\"https:\/\/lifepinassa.eu\/wp-content\/uploads\/2014\/10\/AGS_007-300x225.jpg 300w, https:\/\/lifepinassa.eu\/wp-content\/uploads\/2014\/10\/AGS_007-1024x768.jpg 1024w, https:\/\/lifepinassa.eu\/wp-content\/uploads\/2014\/10\/AGS_007-100x75.jpg 100w, https:\/\/lifepinassa.eu\/wp-content\/uploads\/2014\/10\/AGS_007-150x112.jpg 150w, https:\/\/lifepinassa.eu\/wp-content\/uploads\/2014\/10\/AGS_007-200x150.jpg 200w, https:\/\/lifepinassa.eu\/wp-content\/uploads\/2014\/10\/AGS_007-450x337.jpg 450w, https:\/\/lifepinassa.eu\/wp-content\/uploads\/2014\/10\/AGS_007-600x450.jpg 600w, https:\/\/lifepinassa.eu\/wp-content\/uploads\/2014\/10\/AGS_007-900x675.jpg 900w\" sizes=\"(max-width: 300px) 100vw, 300px\" \/><\/a><\/p>\n<p style=\"text-align: left;\">\n<p>El projecte se centra en la implementaci\u00f3 de m\u00faltiples accions encaminades a millorar l&#8217;estat de conservaci\u00f3 dels boscos de pinassa a mig i llarg termini dins de la xarxa Natura 2000 catalana.<\/p>\n<p>Les accions s&#8217;adrecen de manera integrada als principals problemes i amenaces que aquest h\u00e0bitat, actualment en un proc\u00e9s de degradaci\u00f3 i de regressi\u00f3, s&#8217;enfronta: estructures desestabilitzades sense capacitat de regeneraci\u00f3, no diversificades i fortament exposades a incendis en el futur, a causa de la intensa explotaci\u00f3 del passat, l&#8217;abandonament de la gesti\u00f3 i l&#8217;efecte dels grans incendis forestals, en un context de dr\u00e0stics canvis globals.<\/p>\n<p>La singularitat de les accions de conservaci\u00f3 proposades porta una dimensi\u00f3 clara de demostraci\u00f3 a la zona del projecte pel que fa a gesti\u00f3 forestal sostenible i multifuncional, que s&#8217;ampliaran a la Pen\u00ednsula Ib\u00e8rica, d&#8217;aquest h\u00e0bitat d&#8217;inter\u00e8s comunitari prioritari.<\/p>\n<p>LIFE Pinassa emprendr\u00e0 accions en 10 llocs d&#8217;import\u00e0ncia comunit\u00e0ria (LIC), alguns dels quals cobreixen la major part de la distribuci\u00f3 d&#8217;aquest h\u00e0bitat a la xarxa Natura 2000 catalana.<\/p>\n<h3>Els objectius espec\u00edfics s\u00f3n:<\/h3>\n<p>&#8211; Protegir les poques masses de caracter\u00edstiques culturals i biol\u00f2giques excepcionals presents en l&#8217;\u00e0rea de distribuci\u00f3 de pinassa, millorar l&#8217;estabilitat de l&#8217;h\u00e0bitat, la regeneraci\u00f3 i la biodiversitat, i reduir la seva vulnerabilitat als incendis.<\/p>\n<p>&#8211; Millorar significativament la biodiversitat dels boscos joves, densos i d&#8217;estructura senzilla de pinassa, la regeneraci\u00f3 d&#8217;aquells fortament explotats o d&#8217;aquells afectats per grans incendis.<\/p>\n<p>&#8211; Augmentar la resist\u00e8ncia i resili\u00e8ncia (capacitat d&#8217;auto-defensa i recuperaci\u00f3) dels boscos de pinassa a grans incendis i al canvi clim\u00e0tic.<\/p>\n<p>&#8211; Generar i transferir plans i eines de gesti\u00f3 als administradors i propietaris, per fer compatible la conservaci\u00f3 dels boscos de pinassa amb les seves funcions productives i recreatives.<\/p>\n<p>&#8211; Contribuir a la resoluci\u00f3 de conflictes entre les diferents funcions dels boscos de pinassa: ecol\u00f2giques, econ\u00f2miques i socials.<\/p>\n<p>&#8211; Difondre informaci\u00f3 sobre la xarxa Natura 2000, els valors ambientals i la gesti\u00f3 sostenible dels boscos per al p\u00fablic en general.<\/p>\n","protected":false},"excerpt":{"rendered":"<p>El LIFE + Pinassa t\u00e9 com a objectiu principal millorar la conservaci\u00f3 dels boscos de pinassa (Pinus nigra) a Catalunya (h\u00e0bitat 9530 * Pinedes (sud-) mediterr\u00e0nies de Pinus nigra end\u00e8mics). El projecte se centra en la implementaci\u00f3 de m\u00faltiples accions<span class=\"ellipsis\">&hellip;<\/span><\/p>\n<div class=\"read-more\"><a href=\"https:\/\/lifepinassa.eu\/?page_id=411\">Read more &#8250;<\/a><\/div>\n<p><!-- end of .read-more --><\/p>\n","protected":false},"author":1,"featured_media":0,"parent":0,"menu_order":0,"comment_status":"open","ping_status":"open","template":"","meta":{"om_disable_all_campaigns":false,"_mi_skip_tracking":false,"ngg_post_thumbnail":0},"aioseo_notices":[],"_links":{"self":[{"href":"https:\/\/lifepinassa.eu\/index.php?rest_route=\/wp\/v2\/pages\/411"}],"collection":[{"href":"https:\/\/lifepinassa.eu\/index.php?rest_route=\/wp\/v2\/pages"}],"about":[{"href":"https:\/\/lifepinassa.eu\/index.php?rest_route=\/wp\/v2\/types\/page"}],"author":[{"embeddable":true,"href":"https:\/\/lifepinassa.eu\/index.php?rest_route=\/wp\/v2\/users\/1"}],"replies":[{"embeddable":true,"href":"https:\/\/lifepinassa.eu\/index.php?rest_route=%2Fwp%2Fv2%2Fcomments&post=411"}],"version-history":[{"count":4,"href":"https:\/\/lifepinassa.eu\/index.php?rest_route=\/wp\/v2\/pages\/411\/revisions"}],"predecessor-version":[{"id":1161,"href":"https:\/\/lifepinassa.eu\/index.php?rest_route=\/wp\/v2\/pages\/411\/revisions\/1161"}],"wp:attachment":[{"href":"https:\/\/lifepinassa.eu\/index.php?rest_route=%2Fwp%2Fv2%2Fmedia&parent=411"}],"curies":[{"name":"wp","href":"https:\/\/api.w.org\/{rel}","templated":true}]}}