{"id":241,"date":"2014-12-12T13:04:20","date_gmt":"2014-12-12T13:04:20","guid":{"rendered":"http:\/\/lifepinassa.eu\/?page_id=241"},"modified":"2018-08-13T07:36:11","modified_gmt":"2018-08-13T07:36:11","slug":"newsletter","status":"publish","type":"page","link":"https:\/\/lifepinassa.eu\/?page_id=241","title":{"rendered":"Boletines e informes"},"content":{"rendered":"<p>BOLETINES E INFORMES<\/p>\n<p>Afterlife :<\/p>\n<p><a href=\"http:\/\/lifepinassa.eu\/wp-content\/uploads\/2018\/06\/After-LIFE-Conservation-Plan_CASTELL\u00c0.pdf\">Documento disponible aqu\u00ed<\/a><\/p>\n<p>Informe Layman:<\/p>\n<p>Disponible\u00a0<a href=\"http:\/\/lifepinassa.eu\/wp-content\/uploads\/2018\/06\/Layman_Pinassa.pdf\">aqu\u00ed<\/a><\/p>\n<p>Semestralmente se editar\u00e1 un bolet\u00edn del proyecto en el cual se informar\u00e1 de la evoluci\u00f3n del proyecto. Aqu\u00ed puedes ver los n\u00fameros anteriores y subscribirte al bolet\u00edn si as\u00ed lo deseas.<\/p>\n<ul>\n<li><a href=\"http:\/\/eepurl.com\/ca8lG1\">Bolet\u00edn n\u00ba 1<\/a><\/li>\n<li><a title=\"LIFE+ Pinassa - Bolet\u00edn n\u00ba2\" href=\"http:\/\/eepurl.com\/bqFL0z\">Bolet\u00edn n\u00ba 2<\/a><\/li>\n<li><a href=\"http:\/\/eepurl.com\/bKIfsH\">Bolet\u00edn n\u00ba3<\/a><\/li>\n<li><a class=\"post-title cat-post-title\" href=\"http:\/\/lifepinassa.eu\/?p=1555\" rel=\"bookmark\">Bolet\u00edn n\u00ba 4<\/a><\/li>\n<li><a class=\"post-title cat-post-title\" href=\"http:\/\/lifepinassa.eu\/?p=1592\" rel=\"bookmark\">Bolet\u00edn n\u00ba5<\/a><\/li>\n<li><a class=\"post-title cat-post-title\" href=\"http:\/\/lifepinassa.eu\/?p=1752\" rel=\"bookmark\">Bolet\u00edn n\u00ba6<\/a><\/li>\n<li><a href=\"http:\/\/lifepinassa.eu\/?p=2012\" target=\"_blank\" rel=\"noopener\">Bolet\u00edn n\u00ba7<\/a><\/li>\n<\/ul>\n<p><!-- Begin MailChimp Signup Form --><\/p>\n<div id=\"mc_embed_signup\">\n<form id=\"mc-embedded-subscribe-form\" class=\"validate\" action=\"\/\/lifepinassa.us9.list-manage.com\/subscribe\/post?u=55495f95ae4ac7bc59dc4018b&amp;id=2b016d10d4\" method=\"post\" name=\"mc-embedded-subscribe-form\" novalidate=\"\" target=\"_blank\">\n<div id=\"mc_embed_signup_scroll\">\n<h2>Suscribirse al bolet\u00edn<\/h2>\n<div class=\"indicates-required\"><span class=\"asterisk\">*<\/span> indicates required<\/div>\n<div class=\"mc-field-group\"><label for=\"mce-EMAIL\">Direcci\u00f3n de correo electr\u00f3nico <span class=\"asterisk\">*<\/span><br \/>\n<\/label><br \/>\n<input id=\"mce-EMAIL\" class=\"required email\" name=\"EMAIL\" type=\"email\" value=\"\" \/><\/div>\n<div class=\"mc-field-group\"><label for=\"mce-FNAME\">Nombre <\/label><br \/>\n<input id=\"mce-FNAME\" class=\"\" name=\"FNAME\" type=\"text\" value=\"\" \/><\/div>\n<div class=\"mc-field-group\"><label for=\"mce-LNAME\">Apellidos <\/label><br \/>\n<input id=\"mce-LNAME\" class=\"\" name=\"LNAME\" type=\"text\" value=\"\" \/><\/div>\n<div class=\"mc-field-group\"><label for=\"mce-MMERGE3\">Organizaci\u00f3n \/ empresa <\/label><br \/>\n<input id=\"mce-MMERGE3\" class=\"\" name=\"MMERGE3\" type=\"text\" value=\"\" \/><\/div>\n<div class=\"mc-field-group input-group\">\n<p><strong>Lengua en la que se desea recibir el bolet\u00edn <\/strong><\/p>\n<ul>\n<li><input id=\"mce-group[15233]-15233-0\" name=\"group[15233]\" type=\"radio\" value=\"1\" \/><label for=\"mce-group[15233]-15233-0\">Catal\u00e0<\/label><\/li>\n<li><input id=\"mce-group[15233]-15233-1\" name=\"group[15233]\" type=\"radio\" value=\"2\" \/><label for=\"mce-group[15233]-15233-1\">Castellano<\/label><\/li>\n<li><input id=\"mce-group[15233]-15233-2\" name=\"group[15233]\" type=\"radio\" value=\"4\" \/><label for=\"mce-group[15233]-15233-2\">English<\/label><\/li>\n<\/ul>\n<\/div>\n<div id=\"mce-responses\" class=\"clear\"><\/div>\n<p><!-- real people should not fill this in and expect good things - do not remove this or risk form bot signups--><\/p>\n<div style=\"position: absolute; left: -5000px;\"><input tabindex=\"-1\" name=\"b_55495f95ae4ac7bc59dc4018b_2b016d10d4\" type=\"text\" value=\"\" \/><\/div>\n<div class=\"clear\"><input id=\"mc-embedded-subscribe\" class=\"button\" name=\"subscribe\" type=\"submit\" value=\"Subscribe\" \/><\/div>\n<\/div>\n<\/form>\n<\/div>\n<p><script src=\"\/\/s3.amazonaws.com\/downloads.mailchimp.com\/js\/mc-validate.js\" type=\"text\/javascript\"><\/script><script type=\"text\/javascript\">\/\/ <![CDATA[ (function($) {window.fnames = new Array(); window.ftypes = new Array();fnames[0]='EMAIL';ftypes[0]='email';fnames[1]='FNAME';ftypes[1]='text';fnames[2]='LNAME';ftypes[2]='text';fnames[3]='MMERGE3';ftypes[3]='text'; \/* * Translated default messages for the jQuery validation plugin. * Locale: CA *\/ $.extend($.validator.messages, { required: \"Aquest camp \u00e9s obligatori.\", remote: \"Si us plau, omple aquest camp.\", email: \"Si us plau, escriu una adre\u00e7a de correu-e v\u00e0lida\", url: \"Si us plau, escriu una URL v\u00e0lida.\", date: \"Si us plau, escriu una data v\u00e0lida.\", dateISO: \"Si us plau, escriu una data (ISO) v\u00e0lida.\", number: \"Si us plau, escriu un n\u00famero enter v\u00e0lid.\", digits: \"Si us plau, escriu nom\u00e9s d\u00edgits.\", creditcard: \"Si us plau, escriu un n\u00famero de tarjeta v\u00e0lid.\", equalTo: \"Si us plau, escriu el maateix valor de nou.\", accept: \"Si us plau, escriu un valor amb una extensi\u00f3 acceptada.\", maxlength: $.validator.format(\"Si us plau, no escriguis m\u00e9s de {0} caracters.\"), minlength: $.validator.format(\"Si us plau, no escriguis menys de {0} caracters.\"), rangelength: $.validator.format(\"Si us plau, escriu un valor entre {0} i {1} caracters.\"), range: $.validator.format(\"Si us plau, escriu un valor entre {0} i {1}.\"), max: $.validator.format(\"Si us plau, escriu un valor menor o igual a {0}.\"), min: $.validator.format(\"Si us plau, escriu un valor major o igual a {0}.\") });}(jQuery));var $mcj = jQuery.noConflict(true); \/\/ ]]><\/script><br \/>\n<!--End mc_embed_signup--><\/p>\n","protected":false},"excerpt":{"rendered":"<p>BOLETINES E INFORMES Afterlife : Documento disponible aqu\u00ed Informe Layman: Disponible\u00a0aqu\u00ed Semestralmente se editar\u00e1 un bolet\u00edn del proyecto en el cual se informar\u00e1 de la evoluci\u00f3n del proyecto. Aqu\u00ed puedes ver los n\u00fameros anteriores y subscribirte al bolet\u00edn si as\u00ed<span class=\"ellipsis\">&hellip;<\/span><\/p>\n<div class=\"read-more\"><a href=\"https:\/\/lifepinassa.eu\/?page_id=241\">Read more &#8250;<\/a><\/div>\n<p><!-- end of .read-more --><\/p>\n","protected":false},"author":1,"featured_media":0,"parent":0,"menu_order":0,"comment_status":"open","ping_status":"open","template":"","meta":{"om_disable_all_campaigns":false,"_mi_skip_tracking":false,"ngg_post_thumbnail":0},"aioseo_notices":[],"_links":{"self":[{"href":"https:\/\/lifepinassa.eu\/index.php?rest_route=\/wp\/v2\/pages\/241"}],"collection":[{"href":"https:\/\/lifepinassa.eu\/index.php?rest_route=\/wp\/v2\/pages"}],"about":[{"href":"https:\/\/lifepinassa.eu\/index.php?rest_route=\/wp\/v2\/types\/page"}],"author":[{"embeddable":true,"href":"https:\/\/lifepinassa.eu\/index.php?rest_route=\/wp\/v2\/users\/1"}],"replies":[{"embeddable":true,"href":"https:\/\/lifepinassa.eu\/index.php?rest_route=%2Fwp%2Fv2%2Fcomments&post=241"}],"version-history":[{"count":18,"href":"https:\/\/lifepinassa.eu\/index.php?rest_route=\/wp\/v2\/pages\/241\/revisions"}],"predecessor-version":[{"id":2017,"href":"https:\/\/lifepinassa.eu\/index.php?rest_route=\/wp\/v2\/pages\/241\/revisions\/2017"}],"wp:attachment":[{"href":"https:\/\/lifepinassa.eu\/index.php?rest_route=%2Fwp%2Fv2%2Fmedia&parent=241"}],"curies":[{"name":"wp","href":"https:\/\/api.w.org\/{rel}","templated":true}]}}