{"id":1936,"date":"2018-08-01T06:56:32","date_gmt":"2018-08-01T06:56:32","guid":{"rendered":"http:\/\/lifepinassa.eu\/?page_id=1936"},"modified":"2019-04-10T07:29:23","modified_gmt":"2019-04-10T07:29:23","slug":"publicaciones-del-proyecto","status":"publish","type":"page","link":"https:\/\/lifepinassa.eu\/?page_id=1936","title":{"rendered":"Publicaciones del proyecto"},"content":{"rendered":"<h4><b>Publicaciones de referencia para la gesti\u00f3n y conservaci\u00f3n del h\u00e1bitat de los bosques <\/b><b><i>Pinus nigra<\/i><\/b><\/h4>\n<div style=\"overflow: hidden;\">\n<div id=\"attachment_1923\" style=\"width: 187px\" class=\"wp-caption alignleft\"><a href=\"\/docs\/manual_singulars_castella-WEB.pdf\" target=\"_blank\" rel=\"noopener\"><img aria-describedby=\"caption-attachment-1923\" decoding=\"async\" loading=\"lazy\" class=\"wp-image-1923\" src=\"http:\/\/lifepinassa.eu\/wp-content\/uploads\/2018\/08\/portada_singulars-212x300.jpg\" alt=\"portada_singulars\" width=\"177\" height=\"250\" srcset=\"https:\/\/lifepinassa.eu\/wp-content\/uploads\/2018\/08\/portada_singulars-212x300.jpg 212w, https:\/\/lifepinassa.eu\/wp-content\/uploads\/2018\/08\/portada_singulars-100x141.jpg 100w, https:\/\/lifepinassa.eu\/wp-content\/uploads\/2018\/08\/portada_singulars-150x212.jpg 150w, https:\/\/lifepinassa.eu\/wp-content\/uploads\/2018\/08\/portada_singulars-200x282.jpg 200w, https:\/\/lifepinassa.eu\/wp-content\/uploads\/2018\/08\/portada_singulars-300x424.jpg 300w, https:\/\/lifepinassa.eu\/wp-content\/uploads\/2018\/08\/portada_singulars-450x636.jpg 450w, https:\/\/lifepinassa.eu\/wp-content\/uploads\/2018\/08\/portada_singulars.jpg 500w\" sizes=\"(max-width: 177px) 100vw, 177px\" \/><\/a><p id=\"caption-attachment-1923\" class=\"wp-caption-text\">Manual<br \/>de caracterizaci\u00f3n y conservaci\u00f3n de los bosques singulares de pino laricio<\/p><\/div>\n<div id=\"attachment_1921\" style=\"width: 190px\" class=\"wp-caption alignleft\"><a href=\"\/docs\/Manual_gestio_ESP.pdf\" target=\"_blank\" rel=\"noopener\"><img aria-describedby=\"caption-attachment-1921\" decoding=\"async\" loading=\"lazy\" class=\"wp-image-1921\" src=\"http:\/\/lifepinassa.eu\/wp-content\/uploads\/2018\/08\/portada_gestio-216x300.jpg\" alt=\"portada_gestio\" width=\"180\" height=\"250\" srcset=\"https:\/\/lifepinassa.eu\/wp-content\/uploads\/2018\/08\/portada_gestio-216x300.jpg 216w, https:\/\/lifepinassa.eu\/wp-content\/uploads\/2018\/08\/portada_gestio-100x138.jpg 100w, https:\/\/lifepinassa.eu\/wp-content\/uploads\/2018\/08\/portada_gestio-150x207.jpg 150w, https:\/\/lifepinassa.eu\/wp-content\/uploads\/2018\/08\/portada_gestio-200x277.jpg 200w, https:\/\/lifepinassa.eu\/wp-content\/uploads\/2018\/08\/portada_gestio-300x415.jpg 300w, https:\/\/lifepinassa.eu\/wp-content\/uploads\/2018\/08\/portada_gestio-450x623.jpg 450w, https:\/\/lifepinassa.eu\/wp-content\/uploads\/2018\/08\/portada_gestio.jpg 500w\" sizes=\"(max-width: 180px) 100vw, 180px\" \/><\/a><p id=\"caption-attachment-1921\" class=\"wp-caption-text\">Manual<br \/>de buenas pr\u00e1cticas de gesti\u00f3n para la conservaci\u00f3n de los bosques de pino laricio<\/p><\/div>\n<div id=\"attachment_1920\" style=\"width: 187px\" class=\"wp-caption alignleft\"><a href=\"\/docs\/Manual_foc_ESP.pdf\" target=\"_blank\" rel=\"noopener\"><img aria-describedby=\"caption-attachment-1920\" decoding=\"async\" loading=\"lazy\" class=\"wp-image-1920\" src=\"http:\/\/lifepinassa.eu\/wp-content\/uploads\/2018\/08\/portada_foc-212x300.jpg\" alt=\"portada_foc\" width=\"177\" height=\"250\" srcset=\"https:\/\/lifepinassa.eu\/wp-content\/uploads\/2018\/08\/portada_foc-212x300.jpg 212w, https:\/\/lifepinassa.eu\/wp-content\/uploads\/2018\/08\/portada_foc-100x141.jpg 100w, https:\/\/lifepinassa.eu\/wp-content\/uploads\/2018\/08\/portada_foc-150x212.jpg 150w, https:\/\/lifepinassa.eu\/wp-content\/uploads\/2018\/08\/portada_foc-200x282.jpg 200w, https:\/\/lifepinassa.eu\/wp-content\/uploads\/2018\/08\/portada_foc-300x424.jpg 300w, https:\/\/lifepinassa.eu\/wp-content\/uploads\/2018\/08\/portada_foc-450x636.jpg 450w, https:\/\/lifepinassa.eu\/wp-content\/uploads\/2018\/08\/portada_foc.jpg 500w\" sizes=\"(max-width: 177px) 100vw, 177px\" \/><\/a><p id=\"caption-attachment-1920\" class=\"wp-caption-text\">El papel del fuego<br \/>en la conservaci\u00f3n del h\u00e1bitat de los bosques de pino laricio (Pinus nigra Arn.)<\/p><\/div>\n<\/div>\n<div style=\"overflow: hidden;\">\n<h4><b>Manual de divulgaci\u00f3n sobre el proyecto Life+ Pinassa<\/b><\/h4>\n<div id=\"attachment_1939\" style=\"width: 221px\" class=\"wp-caption alignnone\"><a href=\"\/docs\/Pinassa_Man_Cons_2aEd_ES_bx_v3.pdf\"><img aria-describedby=\"caption-attachment-1939\" decoding=\"async\" loading=\"lazy\" class=\"wp-image-1939 size-medium\" src=\"http:\/\/lifepinassa.eu\/wp-content\/uploads\/2018\/08\/portada_divulgacio-211x300.jpg\" alt=\"Gesti\u00f3n forestal y conservaci\u00f3n de la biodiversidad en bosques de pino laricio\" width=\"211\" height=\"300\" srcset=\"https:\/\/lifepinassa.eu\/wp-content\/uploads\/2018\/08\/portada_divulgacio-211x300.jpg 211w, https:\/\/lifepinassa.eu\/wp-content\/uploads\/2018\/08\/portada_divulgacio-100x141.jpg 100w, https:\/\/lifepinassa.eu\/wp-content\/uploads\/2018\/08\/portada_divulgacio-150x212.jpg 150w, https:\/\/lifepinassa.eu\/wp-content\/uploads\/2018\/08\/portada_divulgacio-200x283.jpg 200w, https:\/\/lifepinassa.eu\/wp-content\/uploads\/2018\/08\/portada_divulgacio-300x425.jpg 300w, https:\/\/lifepinassa.eu\/wp-content\/uploads\/2018\/08\/portada_divulgacio-450x638.jpg 450w, https:\/\/lifepinassa.eu\/wp-content\/uploads\/2018\/08\/portada_divulgacio.jpg 500w\" sizes=\"(max-width: 211px) 100vw, 211px\" \/><\/a><p id=\"caption-attachment-1939\" class=\"wp-caption-text\">Gesti\u00f3n forestal y conservaci\u00f3n de la biodiversidad en bosques de pino laricio<\/p><\/div>\n<\/div>\n","protected":false},"excerpt":{"rendered":"<p>Publicaciones de referencia para la gesti\u00f3n y conservaci\u00f3n del h\u00e1bitat de los bosques Pinus nigra Manual de divulgaci\u00f3n sobre el proyecto Life+ Pinassa<\/p>\n","protected":false},"author":1,"featured_media":0,"parent":0,"menu_order":0,"comment_status":"open","ping_status":"open","template":"","meta":{"om_disable_all_campaigns":false,"_mi_skip_tracking":false,"ngg_post_thumbnail":0},"aioseo_notices":[],"_links":{"self":[{"href":"https:\/\/lifepinassa.eu\/index.php?rest_route=\/wp\/v2\/pages\/1936"}],"collection":[{"href":"https:\/\/lifepinassa.eu\/index.php?rest_route=\/wp\/v2\/pages"}],"about":[{"href":"https:\/\/lifepinassa.eu\/index.php?rest_route=\/wp\/v2\/types\/page"}],"author":[{"embeddable":true,"href":"https:\/\/lifepinassa.eu\/index.php?rest_route=\/wp\/v2\/users\/1"}],"replies":[{"embeddable":true,"href":"https:\/\/lifepinassa.eu\/index.php?rest_route=%2Fwp%2Fv2%2Fcomments&post=1936"}],"version-history":[{"count":9,"href":"https:\/\/lifepinassa.eu\/index.php?rest_route=\/wp\/v2\/pages\/1936\/revisions"}],"predecessor-version":[{"id":2021,"href":"https:\/\/lifepinassa.eu\/index.php?rest_route=\/wp\/v2\/pages\/1936\/revisions\/2021"}],"wp:attachment":[{"href":"https:\/\/lifepinassa.eu\/index.php?rest_route=%2Fwp%2Fv2%2Fmedia&parent=1936"}],"curies":[{"name":"wp","href":"https:\/\/api.w.org\/{rel}","templated":true}]}}