{"id":1918,"date":"2018-08-01T05:59:14","date_gmt":"2018-08-01T05:59:14","guid":{"rendered":"http:\/\/lifepinassa.eu\/?page_id=1918"},"modified":"2019-04-10T07:29:00","modified_gmt":"2019-04-10T07:29:00","slug":"publicacions-del-projecte","status":"publish","type":"page","link":"https:\/\/lifepinassa.eu\/?page_id=1918","title":{"rendered":"Publicacions del projecte"},"content":{"rendered":"<h4><b>Publicacions de refer\u00e8ncia per a la gesti\u00f3 i conservaci\u00f3 de l&#8217;h\u00e0bitat del boscos <\/b><b><i>Pinus nigra<\/i><\/b><\/h4>\n<div style=\"overflow: hidden;\">\n<div id=\"attachment_1923\" style=\"width: 187px\" class=\"wp-caption alignleft\"><a href=\"\/docs\/manual_singulars_CAT.pdf\"><img aria-describedby=\"caption-attachment-1923\" decoding=\"async\" loading=\"lazy\" class=\"wp-image-1923\" src=\"http:\/\/lifepinassa.eu\/wp-content\/uploads\/2018\/08\/portada_singulars-212x300.jpg\" alt=\"portada_singulars\" width=\"177\" height=\"250\" srcset=\"https:\/\/lifepinassa.eu\/wp-content\/uploads\/2018\/08\/portada_singulars-212x300.jpg 212w, https:\/\/lifepinassa.eu\/wp-content\/uploads\/2018\/08\/portada_singulars-100x141.jpg 100w, https:\/\/lifepinassa.eu\/wp-content\/uploads\/2018\/08\/portada_singulars-150x212.jpg 150w, https:\/\/lifepinassa.eu\/wp-content\/uploads\/2018\/08\/portada_singulars-200x282.jpg 200w, https:\/\/lifepinassa.eu\/wp-content\/uploads\/2018\/08\/portada_singulars-300x424.jpg 300w, https:\/\/lifepinassa.eu\/wp-content\/uploads\/2018\/08\/portada_singulars-450x636.jpg 450w, https:\/\/lifepinassa.eu\/wp-content\/uploads\/2018\/08\/portada_singulars.jpg 500w\" sizes=\"(max-width: 177px) 100vw, 177px\" \/><\/a><p id=\"caption-attachment-1923\" class=\"wp-caption-text\">Manual de caracteritzaci\u00f3 i conservaci\u00f3 dels boscos singulars de pinassa<\/p><\/div>\n<div id=\"attachment_1921\" style=\"width: 190px\" class=\"wp-caption alignleft\"><a href=\"\/docs\/Manual_gestio_CAT.pdf\" target=\"_blank\" rel=\"noopener\"><img aria-describedby=\"caption-attachment-1921\" decoding=\"async\" loading=\"lazy\" class=\"wp-image-1921\" src=\"http:\/\/lifepinassa.eu\/wp-content\/uploads\/2018\/08\/portada_gestio-216x300.jpg\" alt=\"portada_gestio\" width=\"180\" height=\"250\" srcset=\"https:\/\/lifepinassa.eu\/wp-content\/uploads\/2018\/08\/portada_gestio-216x300.jpg 216w, https:\/\/lifepinassa.eu\/wp-content\/uploads\/2018\/08\/portada_gestio-100x138.jpg 100w, https:\/\/lifepinassa.eu\/wp-content\/uploads\/2018\/08\/portada_gestio-150x207.jpg 150w, https:\/\/lifepinassa.eu\/wp-content\/uploads\/2018\/08\/portada_gestio-200x277.jpg 200w, https:\/\/lifepinassa.eu\/wp-content\/uploads\/2018\/08\/portada_gestio-300x415.jpg 300w, https:\/\/lifepinassa.eu\/wp-content\/uploads\/2018\/08\/portada_gestio-450x623.jpg 450w, https:\/\/lifepinassa.eu\/wp-content\/uploads\/2018\/08\/portada_gestio.jpg 500w\" sizes=\"(max-width: 180px) 100vw, 180px\" \/><\/a><p id=\"caption-attachment-1921\" class=\"wp-caption-text\">Manual de bones pr\u00e0ctiques de gesti\u00f3 per a la conservaci\u00f3 dels boscos de pinassa<\/p><\/div>\n<div id=\"attachment_1920\" style=\"width: 187px\" class=\"wp-caption alignleft\"><a href=\"\/docs\/Manual_foc_CAT.pdf\" target=\"_blank\" rel=\"noopener\"><img aria-describedby=\"caption-attachment-1920\" decoding=\"async\" loading=\"lazy\" class=\"wp-image-1920\" src=\"http:\/\/lifepinassa.eu\/wp-content\/uploads\/2018\/08\/portada_foc-212x300.jpg\" alt=\"portada_foc\" width=\"177\" height=\"250\" srcset=\"https:\/\/lifepinassa.eu\/wp-content\/uploads\/2018\/08\/portada_foc-212x300.jpg 212w, https:\/\/lifepinassa.eu\/wp-content\/uploads\/2018\/08\/portada_foc-100x141.jpg 100w, https:\/\/lifepinassa.eu\/wp-content\/uploads\/2018\/08\/portada_foc-150x212.jpg 150w, https:\/\/lifepinassa.eu\/wp-content\/uploads\/2018\/08\/portada_foc-200x282.jpg 200w, https:\/\/lifepinassa.eu\/wp-content\/uploads\/2018\/08\/portada_foc-300x424.jpg 300w, https:\/\/lifepinassa.eu\/wp-content\/uploads\/2018\/08\/portada_foc-450x636.jpg 450w, https:\/\/lifepinassa.eu\/wp-content\/uploads\/2018\/08\/portada_foc.jpg 500w\" sizes=\"(max-width: 177px) 100vw, 177px\" \/><\/a><p id=\"caption-attachment-1920\" class=\"wp-caption-text\">El paper del foc en la conservaci\u00f3 de l\u00b4h\u00e0bitat dels boscos de pinassa (Pinus nigra)<\/p><\/div>\n<\/div>\n<div style=\"overflow: hidden;\">\n<h4><b>Manual de divulgaci\u00f3 sobre el projecte Life+ Pinassa<\/b><\/h4>\n<div id=\"attachment_1939\" style=\"width: 221px\" class=\"wp-caption alignnone\"><a href=\"\/docs\/Pinassa_Man_Cons_2aEd_CAT_bx_v3.pdf\"><img aria-describedby=\"caption-attachment-1939\" decoding=\"async\" loading=\"lazy\" class=\"wp-image-1939 size-medium\" src=\"http:\/\/lifepinassa.eu\/wp-content\/uploads\/2018\/08\/portada_divulgacio-211x300.jpg\" alt=\"Gesti\u00f3 forestal i conservaci\u00f3 de la biodiversitat en boscos de pinassa\" width=\"211\" height=\"300\" srcset=\"https:\/\/lifepinassa.eu\/wp-content\/uploads\/2018\/08\/portada_divulgacio-211x300.jpg 211w, https:\/\/lifepinassa.eu\/wp-content\/uploads\/2018\/08\/portada_divulgacio-100x141.jpg 100w, https:\/\/lifepinassa.eu\/wp-content\/uploads\/2018\/08\/portada_divulgacio-150x212.jpg 150w, https:\/\/lifepinassa.eu\/wp-content\/uploads\/2018\/08\/portada_divulgacio-200x283.jpg 200w, https:\/\/lifepinassa.eu\/wp-content\/uploads\/2018\/08\/portada_divulgacio-300x425.jpg 300w, https:\/\/lifepinassa.eu\/wp-content\/uploads\/2018\/08\/portada_divulgacio-450x638.jpg 450w, https:\/\/lifepinassa.eu\/wp-content\/uploads\/2018\/08\/portada_divulgacio.jpg 500w\" sizes=\"(max-width: 211px) 100vw, 211px\" \/><\/a><p id=\"caption-attachment-1939\" class=\"wp-caption-text\">Gesti\u00f3 forestal i conservaci\u00f3 de la biodiversitat en boscos de pinassa<\/p><\/div>\n<\/div>\n<p>&nbsp;<\/p>\n<h4><b>Informe Layman Life+ Pinassa<\/b><\/h4>\n<div style=\"overflow: hidden;\">\n<div id=\"attachment_1922\" style=\"width: 228px\" class=\"wp-caption alignleft\"><a href=\"\/docs\/Layman_Pinassa_CATALA.pdf\" target=\"_blank\" rel=\"noopener\"><img aria-describedby=\"caption-attachment-1922\" decoding=\"async\" loading=\"lazy\" class=\"wp-image-1922 size-medium\" src=\"http:\/\/lifepinassa.eu\/wp-content\/uploads\/2018\/08\/portada_layman-218x300.jpg\" alt=\"Gesti\u00f3 sostenible per a la conservaci\u00f3 dels boscos de Pinus nigra a Catalunya\" width=\"218\" height=\"300\" srcset=\"https:\/\/lifepinassa.eu\/wp-content\/uploads\/2018\/08\/portada_layman-218x300.jpg 218w, https:\/\/lifepinassa.eu\/wp-content\/uploads\/2018\/08\/portada_layman-100x137.jpg 100w, https:\/\/lifepinassa.eu\/wp-content\/uploads\/2018\/08\/portada_layman-150x206.jpg 150w, https:\/\/lifepinassa.eu\/wp-content\/uploads\/2018\/08\/portada_layman-200x275.jpg 200w, https:\/\/lifepinassa.eu\/wp-content\/uploads\/2018\/08\/portada_layman-300x412.jpg 300w, https:\/\/lifepinassa.eu\/wp-content\/uploads\/2018\/08\/portada_layman-450x619.jpg 450w, https:\/\/lifepinassa.eu\/wp-content\/uploads\/2018\/08\/portada_layman.jpg 500w\" sizes=\"(max-width: 218px) 100vw, 218px\" \/><\/a><p id=\"caption-attachment-1922\" class=\"wp-caption-text\">Gesti\u00f3 sostenible per a la conservaci\u00f3 dels boscos de Pinus nigra a Catalunya<\/p><\/div>\n<\/div>\n","protected":false},"excerpt":{"rendered":"<p>Publicacions de refer\u00e8ncia per a la gesti\u00f3 i conservaci\u00f3 de l&#8217;h\u00e0bitat del boscos Pinus nigra Manual de divulgaci\u00f3 sobre el projecte Life+ Pinassa &nbsp; Informe Layman Life+ Pinassa<\/p>\n","protected":false},"author":1,"featured_media":0,"parent":0,"menu_order":0,"comment_status":"open","ping_status":"open","template":"","meta":{"om_disable_all_campaigns":false,"_mi_skip_tracking":false,"ngg_post_thumbnail":0},"aioseo_notices":[],"_links":{"self":[{"href":"https:\/\/lifepinassa.eu\/index.php?rest_route=\/wp\/v2\/pages\/1918"}],"collection":[{"href":"https:\/\/lifepinassa.eu\/index.php?rest_route=\/wp\/v2\/pages"}],"about":[{"href":"https:\/\/lifepinassa.eu\/index.php?rest_route=\/wp\/v2\/types\/page"}],"author":[{"embeddable":true,"href":"https:\/\/lifepinassa.eu\/index.php?rest_route=\/wp\/v2\/users\/1"}],"replies":[{"embeddable":true,"href":"https:\/\/lifepinassa.eu\/index.php?rest_route=%2Fwp%2Fv2%2Fcomments&post=1918"}],"version-history":[{"count":17,"href":"https:\/\/lifepinassa.eu\/index.php?rest_route=\/wp\/v2\/pages\/1918\/revisions"}],"predecessor-version":[{"id":2020,"href":"https:\/\/lifepinassa.eu\/index.php?rest_route=\/wp\/v2\/pages\/1918\/revisions\/2020"}],"wp:attachment":[{"href":"https:\/\/lifepinassa.eu\/index.php?rest_route=%2Fwp%2Fv2%2Fmedia&parent=1918"}],"curies":[{"name":"wp","href":"https:\/\/api.w.org\/{rel}","templated":true}]}}