{"id":110,"date":"2014-11-24T11:38:20","date_gmt":"2014-11-24T11:38:20","guid":{"rendered":"http:\/\/lifepinassa.eu\/?page_id=110"},"modified":"2018-06-21T07:52:15","modified_gmt":"2018-06-21T07:52:15","slug":"c6-actuaciones-selvicolas-estrategicas-para-la-prevencion-de-grandes-incendios-forestales-en-los-bosques-de-pinus-nigra","status":"publish","type":"page","link":"https:\/\/lifepinassa.eu\/?page_id=110","title":{"rendered":"C6. Actuaciones selv\u00edcolas estrat\u00e9gicas para la prevenci\u00f3n de grandes incendios forestales en los bosques de Pinus nigra"},"content":{"rendered":"<p>Los trabajos de prevenci\u00f3n consistir\u00e1n en la implementaci\u00f3n en puntos estrat\u00e9gicos de gesti\u00f3n (1) de tratamientos\u00a0silv\u00edcolas de prevenci\u00f3n innovadores y quemas prescritas, que tienen por objetivo generar estructuras\u00a0de bosque de laricio resistentes y resilientes a grandes incendios forestales y que, sobretodo, incidan en la reducci\u00f3n de la intensidad\u00a0de los incendios que puedan darse en la zona.<\/p>\n<h4>Objetivos espec\u00edficos<\/h4>\n<ol>\n<li>Reducir el riesgo de gran incendio forestal \u00a0en h\u00e1bitat de\u00a0pino laricio, a trav\u00e9s de actuaciones en puntos estrat\u00e8gicos de gesti\u00f3n, en zonas donde este h\u00e1bitat est\u00e1 en condiciones ecol\u00f3gicas\u00a0favorables y tiene un inter\u00e9s especial, sea por la presencia de rodales singulares o bien por estructuras\u00a0maduras y de inter\u00e9s para la biodiversidad.<\/li>\n<li>Obtener estructuras de bosque de pino laricio\u00a0que garantizar\u00e1n un comportamiento del fuego asequible a los\u00a0medios de extinci\u00f3n, para su control, y evitar\u00e1n la generaci\u00f3n de fuegos de alta intensidad, que se propagan por las\u00a0copas.<\/li>\n<\/ol>\n<address><span style=\"color: #999999;\">(1)\u00a0La mejora en el an\u00e1lisis y estudio del patr\u00f3n de comportamiento de grandes incendios ha permitido\u00a0establecer una metodolog\u00eda para determinar las localizaciones clave que condicionan el movimiento y\u00a0alcance final de los mismos. Estas localizaciones denominadas puntos estrat\u00e9gicos de gesti\u00f3n (PEG) para\u00a0el control de grandes incendios forestales, permite al sistema de extinci\u00f3n concentrar recursos en lugares que\u00a0permitir\u00e1n establecer maniobras de control seguras y eficaces.<\/span><\/address>\n<h4>Resultados<\/h4>\n<p>En el proyecto se planifican un total <strong>65ha<\/strong>, repartidas entre la regi\u00f3n prepirinaica y central y la regi\u00f3n meridional. Finalizada la Acci\u00f3n 3, se han seleccionado un total de <strong>81,24ha<\/strong>. Del total seleccionado una parte se realiza de forma mecanizada y otra parte con quemas prescritas, realizadas directamente por el socio DINT. Algunos rodales se localizan fuera de las ZEC en Puntos Estrat\u00e9gicos de Gesti\u00f3n para la prevenci\u00f3n de grandes incendios forestales, llamadas \u00e1reas de influencia (A.I.). La distribuci\u00f3n de las acciones por ZEC y su estado de ejecuci\u00f3n se muestran en la Tabla 1.<\/p>\n<p>Tabla 1. Distribuci\u00f3n y estado de las Acciones C6 seg\u00fan Programa de conservaci\u00f3n<\/p>\n<table>\n<tbody>\n<tr>\n<td rowspan=\"2\"><strong>\u00c1MBITO <\/strong><\/td>\n<td rowspan=\"2\"><strong>ZEC <\/strong><\/td>\n<td rowspan=\"2\"><strong>Superficie <\/strong><strong>(ha) <\/strong><\/td>\n<td colspan=\"2\"><strong>TRABAJOS DE CONSERVACI\u00d3N <\/strong><\/td>\n<\/tr>\n<tr>\n<td><strong>Superficie (ha)<\/strong><\/td>\n<td><strong>Estado<\/strong><\/td>\n<\/tr>\n<tr>\n<td>Prepirenaico y central<\/td>\n<td>ES5130029 Serres de Queralt i els Tossals-Aigua d\u2019Ora (A.I.)<\/td>\n<td>41,94<\/td>\n<td>41,94<\/td>\n<td>Finalizados<\/td>\n<\/tr>\n<tr>\n<td>Prepirenaico y central<\/td>\n<td>ES5130027 Obagues riera de Madrona(A.I.)<\/td>\n<td>15,24<\/td>\n<td>15,24<\/td>\n<td>Finalizados<\/td>\n<\/tr>\n<tr>\n<td>Meridional<\/td>\n<td>ES5140009Tivissa-Vandell\u00f2s-Llaberia<\/td>\n<td>10,92<\/td>\n<td>10,92<\/td>\n<td>Finalizados<\/td>\n<\/tr>\n<tr>\n<td>Meridional<\/td>\n<td>ES5140011 Sistema Prelitoral Meridional<\/td>\n<td>13,14<\/td>\n<td>13,14<\/td>\n<td>Finalizados<\/td>\n<\/tr>\n<\/tbody>\n<\/table>\n<p>&nbsp;<\/p>\n<p><a href=\"http:\/\/lifepinassa.eu\/wp-content\/uploads\/2014\/11\/pinassa6.png\"><img decoding=\"async\" loading=\"lazy\" class=\"alignleft wp-image-1366 size-medium\" src=\"http:\/\/lifepinassa.eu\/wp-content\/uploads\/2014\/11\/pinassa6-300x179.png\" alt=\"pinassa6\" width=\"300\" height=\"179\" srcset=\"https:\/\/lifepinassa.eu\/wp-content\/uploads\/2014\/11\/pinassa6-300x179.png 300w, https:\/\/lifepinassa.eu\/wp-content\/uploads\/2014\/11\/pinassa6-100x59.png 100w, https:\/\/lifepinassa.eu\/wp-content\/uploads\/2014\/11\/pinassa6-150x89.png 150w, https:\/\/lifepinassa.eu\/wp-content\/uploads\/2014\/11\/pinassa6-200x119.png 200w, https:\/\/lifepinassa.eu\/wp-content\/uploads\/2014\/11\/pinassa6-450x268.png 450w, https:\/\/lifepinassa.eu\/wp-content\/uploads\/2014\/11\/pinassa6-600x358.png 600w, https:\/\/lifepinassa.eu\/wp-content\/uploads\/2014\/11\/pinassa6.png 660w\" sizes=\"(max-width: 300px) 100vw, 300px\" \/><\/a><\/p>\n<p>&nbsp;<\/p>\n<p>&nbsp;<\/p>\n<p>&nbsp;<\/p>\n<p>&nbsp;<\/p>\n<p>&nbsp;<\/p>\n<p>&nbsp;<\/p>\n<p>Figura 1. Quema prescrita del sotobosque de pino laricio para prevenci\u00f3n de incendios en Serres de Queralt i els Tossals-Aigua d\u2019Ora<\/p>\n","protected":false},"excerpt":{"rendered":"<p>Los trabajos de prevenci\u00f3n consistir\u00e1n en la implementaci\u00f3n en puntos estrat\u00e9gicos de gesti\u00f3n (1) de tratamientos\u00a0silv\u00edcolas de prevenci\u00f3n innovadores y quemas prescritas, que tienen por objetivo generar estructuras\u00a0de bosque de laricio resistentes y resilientes a grandes incendios forestales y que,<span class=\"ellipsis\">&hellip;<\/span><\/p>\n<div class=\"read-more\"><a href=\"https:\/\/lifepinassa.eu\/?page_id=110\">Read more &#8250;<\/a><\/div>\n<p><!-- end of .read-more --><\/p>\n","protected":false},"author":1,"featured_media":0,"parent":56,"menu_order":6,"comment_status":"open","ping_status":"open","template":"","meta":{"om_disable_all_campaigns":false,"_mi_skip_tracking":false,"ngg_post_thumbnail":0},"aioseo_notices":[],"_links":{"self":[{"href":"https:\/\/lifepinassa.eu\/index.php?rest_route=\/wp\/v2\/pages\/110"}],"collection":[{"href":"https:\/\/lifepinassa.eu\/index.php?rest_route=\/wp\/v2\/pages"}],"about":[{"href":"https:\/\/lifepinassa.eu\/index.php?rest_route=\/wp\/v2\/types\/page"}],"author":[{"embeddable":true,"href":"https:\/\/lifepinassa.eu\/index.php?rest_route=\/wp\/v2\/users\/1"}],"replies":[{"embeddable":true,"href":"https:\/\/lifepinassa.eu\/index.php?rest_route=%2Fwp%2Fv2%2Fcomments&post=110"}],"version-history":[{"count":5,"href":"https:\/\/lifepinassa.eu\/index.php?rest_route=\/wp\/v2\/pages\/110\/revisions"}],"predecessor-version":[{"id":1855,"href":"https:\/\/lifepinassa.eu\/index.php?rest_route=\/wp\/v2\/pages\/110\/revisions\/1855"}],"up":[{"embeddable":true,"href":"https:\/\/lifepinassa.eu\/index.php?rest_route=\/wp\/v2\/pages\/56"}],"wp:attachment":[{"href":"https:\/\/lifepinassa.eu\/index.php?rest_route=%2Fwp%2Fv2%2Fmedia&parent=110"}],"curies":[{"name":"wp","href":"https:\/\/api.w.org\/{rel}","templated":true}]}}