{"id":11,"date":"2014-10-31T10:59:49","date_gmt":"2014-10-31T10:59:49","guid":{"rendered":"http:\/\/lifepinassa.eu\/?page_id=11"},"modified":"2015-01-28T10:30:37","modified_gmt":"2015-01-28T10:30:37","slug":"zonas-de-actuacion","status":"publish","type":"page","link":"https:\/\/lifepinassa.eu\/?page_id=11","title":{"rendered":"Zonas de actuaci\u00f3n"},"content":{"rendered":"<p><a href=\"http:\/\/ec.europa.eu\/environment\/nature\/natura2000\/index_en.htm\" target=\"_blank\"><img decoding=\"async\" loading=\"lazy\" class=\"alignleft wp-image-356\" src=\"http:\/\/lifepinassa.eu\/wp-content\/uploads\/2014\/10\/Natura20001-300x259.jpg\" alt=\"Natura2000\" width=\"131\" height=\"113\" srcset=\"https:\/\/lifepinassa.eu\/wp-content\/uploads\/2014\/10\/Natura20001-300x259.jpg 300w, https:\/\/lifepinassa.eu\/wp-content\/uploads\/2014\/10\/Natura20001-100x86.jpg 100w, https:\/\/lifepinassa.eu\/wp-content\/uploads\/2014\/10\/Natura20001-150x129.jpg 150w, https:\/\/lifepinassa.eu\/wp-content\/uploads\/2014\/10\/Natura20001-200x172.jpg 200w, https:\/\/lifepinassa.eu\/wp-content\/uploads\/2014\/10\/Natura20001.jpg 433w\" sizes=\"(max-width: 131px) 100vw, 131px\" \/><\/a><\/p>\n<p>Del conjunto de superficie cubierta\u00a0por el h\u00e1bitat en Catalu\u00f1a, 23.058 ha (35%) est\u00e1n incluidas en 28 Zonas Especiales de Conservaci\u00f3n (antiguos LIC)\u00a0de la <a title=\"Red Natura 2000 de Catalu\u00f1a\" href=\"http:\/\/mediambient.gencat.cat\/ca\/05_ambits_dactuacio\/patrimoni_natural\/senp_catalunya\/el_sistema\/xarxa_natura_2000\/\" target=\"_blank\">red Natura 2000 de Catalu\u00f1a<\/a>.<\/p>\n<p>Para la realizaci\u00f3n de las actuaciones de conservaci\u00f3n, se han escogido 10 ZEC, los cuales cubren un total de superf\u00edcie del h\u00e0bitat\u00a09530*\u00a0de 13.523 ha (58,5% de la superficie del h\u00e1bitat en los 9 ZEC), a las que se suma un peque\u00f1o rodal singular no cartografiado en el ZEC de Serres de Card\u00f3-El Boix; en total, los 10 ZEC que se muestran a continuaci\u00f3n:<\/p>\n<ul>\n<li><a title=\"Prepirineu central catal\u00e0\" href=\"http:\/\/lifepinassa.eu\/?page_id=14\">ES0000018 &#8211; Prepirineu Central catal\u00e0<\/a><\/li>\n<li><a title=\"Serra de Montserrat\" href=\"http:\/\/lifepinassa.eu\/?page_id=33\">ES5110012 &#8211; Montserrat-Roques Blanques-Riu Llobregat<\/a><\/li>\n<li><a title=\"Serra de Castelltallat\" href=\"http:\/\/lifepinassa.eu\/?page_id=17\">ES5110014 &#8211; Serra de Castelltallat<\/a><\/li>\n<li><a title=\"Obagues de la riera de Madrona\" href=\"http:\/\/lifepinassa.eu\/?page_id=19\">ES5130027 &#8211; Obagues de la riera de Madrona<\/a><\/li>\n<li><a title=\"Serres de Queralt i Els Tossals-Aigua d\u2019Ora\" href=\"http:\/\/lifepinassa.eu\/?page_id=21\">ES5130029 &#8211; Serres de Queralt i Els Tossals-Aigua d&#8217;Ora<\/a><\/li>\n<li><a title=\"Serres de Card\u00f3-El Boix\" href=\"http:\/\/lifepinassa.eu\/?page_id=23\">ES5140006 &#8211;\u00a0Serres de Card\u00f3-El Boix<\/a><\/li>\n<li><a title=\"Muntanyes de Prades\" href=\"http:\/\/lifepinassa.eu\/?page_id=25\">ES5140008 &#8211; Muntanyes de Prades<\/a><\/li>\n<li><a title=\"Serra de Llaberia\" href=\"http:\/\/lifepinassa.eu\/?page_id=27\">ES5140009 &#8211; Tivissa-Vandell\u00f3s-Llaberia<\/a><\/li>\n<li><a title=\"Els Ports de Tortosa\" href=\"http:\/\/lifepinassa.eu\/?page_id=29\">ES5140011 &#8211; Sistema prelitoral meridional<\/a><\/li>\n<li><a title=\"Serra de Montsant\" href=\"http:\/\/lifepinassa.eu\/?page_id=31\">ES5140017 &#8211; Serra de Montsant-Pas de l&#8217;Ase<\/a><\/li>\n<\/ul>\n<p>La superficie total del h\u00e1bitat 9530* en Espa\u00f1a es de 281.806 ha seg\u00fan el Atlas de los H\u00e1bitat de\u00a0Espa\u00f1a (marzo de 2005). La superficie total cubierta por bosques dominados por Pinus nigra subsp.\u00a0salzmanni en Espa\u00f1a se sit\u00faa en las 625.000 ha (SECF, 2010. Situaci\u00f3n de los bosques y del sector\u00a0forestal en Espa\u00f1a. Informe 2010). En Catalu\u00f1a cubren una superficie significativa, con 66.304 ha de bosques puros y 79.798 ha de\u00a0bosques mixtos con dominancia de la especie.<\/p>\n<p><a href=\"http:\/\/lifepinassa.eu\/wp-content\/uploads\/2014\/10\/DistribucioPinassa.bmp\"><img decoding=\"async\" loading=\"lazy\" class=\"size-full wp-image-318 aligncenter\" src=\"http:\/\/lifepinassa.eu\/wp-content\/uploads\/2014\/10\/DistribucioPinassa.bmp\" alt=\"DistribucioPinassa\" width=\"615\" height=\"353\" \/><\/a><\/p>\n","protected":false},"excerpt":{"rendered":"<p>Del conjunto de superficie cubierta\u00a0por el h\u00e1bitat en Catalu\u00f1a, 23.058 ha (35%) est\u00e1n incluidas en 28 Zonas Especiales de Conservaci\u00f3n (antiguos LIC)\u00a0de la red Natura 2000 de Catalu\u00f1a. Para la realizaci\u00f3n de las actuaciones de conservaci\u00f3n, se han escogido 10<span class=\"ellipsis\">&hellip;<\/span><\/p>\n<div class=\"read-more\"><a href=\"https:\/\/lifepinassa.eu\/?page_id=11\">Read more &#8250;<\/a><\/div>\n<p><!-- end of .read-more --><\/p>\n","protected":false},"author":1,"featured_media":0,"parent":0,"menu_order":0,"comment_status":"open","ping_status":"open","template":"","meta":{"om_disable_all_campaigns":false,"_mi_skip_tracking":false,"ngg_post_thumbnail":0},"aioseo_notices":[],"_links":{"self":[{"href":"https:\/\/lifepinassa.eu\/index.php?rest_route=\/wp\/v2\/pages\/11"}],"collection":[{"href":"https:\/\/lifepinassa.eu\/index.php?rest_route=\/wp\/v2\/pages"}],"about":[{"href":"https:\/\/lifepinassa.eu\/index.php?rest_route=\/wp\/v2\/types\/page"}],"author":[{"embeddable":true,"href":"https:\/\/lifepinassa.eu\/index.php?rest_route=\/wp\/v2\/users\/1"}],"replies":[{"embeddable":true,"href":"https:\/\/lifepinassa.eu\/index.php?rest_route=%2Fwp%2Fv2%2Fcomments&post=11"}],"version-history":[{"count":10,"href":"https:\/\/lifepinassa.eu\/index.php?rest_route=\/wp\/v2\/pages\/11\/revisions"}],"predecessor-version":[{"id":362,"href":"https:\/\/lifepinassa.eu\/index.php?rest_route=\/wp\/v2\/pages\/11\/revisions\/362"}],"wp:attachment":[{"href":"https:\/\/lifepinassa.eu\/index.php?rest_route=%2Fwp%2Fv2%2Fmedia&parent=11"}],"curies":[{"name":"wp","href":"https:\/\/api.w.org\/{rel}","templated":true}]}}