{"id":108,"date":"2014-11-24T11:37:58","date_gmt":"2014-11-24T11:37:58","guid":{"rendered":"http:\/\/lifepinassa.eu\/?page_id=108"},"modified":"2018-06-21T07:52:01","modified_gmt":"2018-06-21T07:52:01","slug":"c5-recuperacion-de-rodales-de-pinus-nigra-en-areas-afectadas-por-grandes-incendios","status":"publish","type":"page","link":"https:\/\/lifepinassa.eu\/?page_id=108","title":{"rendered":"C5. Recuperaci\u00f3n de rodales de Pinus nigra en \u00e1reas afectadas por grandes incendios"},"content":{"rendered":"<p><a href=\"http:\/\/lifepinassa.eu\/wp-content\/uploads\/2014\/11\/AGS_017.jpg\"><img decoding=\"async\" loading=\"lazy\" class=\"alignright  wp-image-381\" src=\"http:\/\/lifepinassa.eu\/wp-content\/uploads\/2014\/11\/AGS_017-300x225.jpg\" alt=\"AGS_017\" width=\"297\" height=\"226\" \/><\/a><\/p>\n<p>El proyecto LIFE PInassa realizar\u00e1 tratamientos de apoyo a la regeneraci\u00f3n natural de\u00a0<em>Pinus nigra<\/em> en rodales afectados por fuego de alta densidad, donde antes del incendio la especie era\u00a0claramente dominante y en la actualidad el fuego ha provocado su sustituci\u00f3n por querc\u00edneas.<\/p>\n<p>Algunos de estos tratamientos son:<\/p>\n<ul>\n<li>Desbroces selectivos<\/li>\n<li>Resalveos en las cepas de Quercus con abundante rebrote generado en el incendio<\/li>\n<li>Regeneraci\u00f3n natural apoyada<\/li>\n<\/ul>\n<h4>Objetivos espec\u00edficos<\/h4>\n<ol>\n<li>Mejorar la regeneraci\u00f3n de<em> Pinus nigra<\/em> en \u00e1reas afectadas por grandes incendios forestales que han\u00a0alterado sustancialmente el h\u00e1bitat y donde la persistencia de la especie est\u00e1 claramente en peligro.<\/li>\n<li>Ejemplificar la gesti\u00f3n para la mejora de bosques j\u00f3venes y densos de escasa vitalidad, baja diversidad\u00a0estructural y elevado riesgo de incendio, y que permita la multifuncionalidad del h\u00e1bitat, compatibilizando la\u00a0conservaci\u00f3n del h\u00e1bitat con una gesti\u00f3n ecol\u00f3gica, econ\u00f3mica y socialmente sostenible.<\/li>\n<li>Elaborar material de transferencia donde se recojan las principales recomendaciones de gesti\u00f3n sobre\u00a0tratamientos de claras de mejora para garantizar la conservaci\u00f3n y mejora del h\u00e1bitat en bosques de <em>Pinus\u00a0nigra<\/em> mediante la aplicaci\u00f3n de las mejores t\u00e9cnicas disponibles (BAT) de Gesti\u00f3n Forestal Sostenible (SFM),\u00a0haciendo compatible la conservaci\u00f3n con el resto de funciones del bosque (socio-econ\u00f3mica y recreativa).<\/li>\n<\/ol>\n<p>Constituye una\u00a0acci\u00f3n demostrativa para su aplicabilidad al conjunto de los bosques de pino laricio de esta estructura de\u00a0h\u00e1bitat en el conjunto de su distribuci\u00f3n ib\u00e9rica. Los rodales donde se actuar\u00e1 presentan un elevado valor\u00a0demostrativo: se localizar\u00e1n en lugares de buena accesibilidad, son representativos de la tipolog\u00eda de h\u00e1bitat\u00a0identificada, y con todas las facilidades para su posterior visita en acciones de formaci\u00f3n y divulgaci\u00f3n.<\/p>\n<h4>Resultados<\/h4>\n<p>En el proyecto se planifican un total 36ha, 12 ha en la regi\u00f3n prepirinaica y central y 24ha en la meridional. Finalizada la Acci\u00f3n 3, se han seleccionado un total de <strong>31,57ha<\/strong>. La distribuci\u00f3n por ZEC y su estado de ejecuci\u00f3n se muestran en la Tabla\u00a01.<\/p>\n<p>Tabla 1. Distribuci\u00f3n y estado de las Acciones C5 seg\u00fan Programa de conservaci\u00f3n<\/p>\n<table>\n<tbody>\n<tr>\n<td rowspan=\"2\"><strong>\u00c1MBITO <\/strong><\/td>\n<td rowspan=\"2\"><strong>ZEC <\/strong><\/td>\n<td rowspan=\"2\"><strong>Superficie <\/strong><strong>(ha) <\/strong><\/td>\n<td colspan=\"2\"><strong>TRABAJOS DE CONSERVACI\u00d3N <\/strong><\/td>\n<\/tr>\n<tr>\n<td><strong>Superficie (ha)<\/strong><\/td>\n<td><strong>Estado<\/strong><\/td>\n<\/tr>\n<tr>\n<td>Prepirenaico y central<\/td>\n<td>ES5110012 Montserrat-Roques Blanques-riu Llobregat<\/td>\n<td>23,97*<\/td>\n<td>10,28<\/td>\n<td>Finalizados<\/td>\n<\/tr>\n<tr>\n<td>Meridional<\/td>\n<td>ES5140009 Tivissa-Vandell\u00f3s_Llaberia<\/td>\n<td>7,60<\/td>\n<td>7,60<\/td>\n<td>Finalizados<\/td>\n<\/tr>\n<\/tbody>\n<\/table>\n<p>*El rodal debe regenerarse de forma natural a partir de puntos de expansi\u00f3n. Las acciones sobre el matorral y otras especies que compiten con <em>Pinus nigra <\/em>se realizan en 10,28ha, en el resto del rodal no es necesario eliminar dicha competencia.<\/p>\n<p>&nbsp;<\/p>\n<p><a href=\"http:\/\/lifepinassa.eu\/wp-content\/uploads\/2014\/11\/pinassa5.png\"><img decoding=\"async\" loading=\"lazy\" class=\"alignleft wp-image-1365 size-medium\" src=\"http:\/\/lifepinassa.eu\/wp-content\/uploads\/2014\/11\/pinassa5-300x225.png\" alt=\"pinassa5\" width=\"300\" height=\"225\" srcset=\"https:\/\/lifepinassa.eu\/wp-content\/uploads\/2014\/11\/pinassa5-300x225.png 300w, https:\/\/lifepinassa.eu\/wp-content\/uploads\/2014\/11\/pinassa5-100x75.png 100w, https:\/\/lifepinassa.eu\/wp-content\/uploads\/2014\/11\/pinassa5-150x112.png 150w, https:\/\/lifepinassa.eu\/wp-content\/uploads\/2014\/11\/pinassa5-200x150.png 200w, https:\/\/lifepinassa.eu\/wp-content\/uploads\/2014\/11\/pinassa5-450x337.png 450w, https:\/\/lifepinassa.eu\/wp-content\/uploads\/2014\/11\/pinassa5-600x450.png 600w, https:\/\/lifepinassa.eu\/wp-content\/uploads\/2014\/11\/pinassa5.png 724w\" sizes=\"(max-width: 300px) 100vw, 300px\" \/><\/a><\/p>\n<p>&nbsp;<\/p>\n<p>&nbsp;<\/p>\n<p>&nbsp;<\/p>\n<p>&nbsp;<\/p>\n<p>&nbsp;<\/p>\n<p>&nbsp;<\/p>\n<p>&nbsp;<\/p>\n<p>&nbsp;<\/p>\n<p>Figura 1. Desbroce, eliminaci\u00f3n de matorral y pies de <em>Pinus halepensis <\/em>en Montserrat-Roques Blanques-riu Llobregat para favorecer la regeneraci\u00f3n de pino laricio.<\/p>\n<p>&nbsp;<\/p>\n","protected":false},"excerpt":{"rendered":"<p>El proyecto LIFE PInassa realizar\u00e1 tratamientos de apoyo a la regeneraci\u00f3n natural de\u00a0Pinus nigra en rodales afectados por fuego de alta densidad, donde antes del incendio la especie era\u00a0claramente dominante y en la actualidad el fuego ha provocado su sustituci\u00f3n<span class=\"ellipsis\">&hellip;<\/span><\/p>\n<div class=\"read-more\"><a href=\"https:\/\/lifepinassa.eu\/?page_id=108\">Read more &#8250;<\/a><\/div>\n<p><!-- end of .read-more --><\/p>\n","protected":false},"author":1,"featured_media":0,"parent":56,"menu_order":5,"comment_status":"open","ping_status":"open","template":"","meta":{"om_disable_all_campaigns":false,"_mi_skip_tracking":false,"ngg_post_thumbnail":0},"aioseo_notices":[],"_links":{"self":[{"href":"https:\/\/lifepinassa.eu\/index.php?rest_route=\/wp\/v2\/pages\/108"}],"collection":[{"href":"https:\/\/lifepinassa.eu\/index.php?rest_route=\/wp\/v2\/pages"}],"about":[{"href":"https:\/\/lifepinassa.eu\/index.php?rest_route=\/wp\/v2\/types\/page"}],"author":[{"embeddable":true,"href":"https:\/\/lifepinassa.eu\/index.php?rest_route=\/wp\/v2\/users\/1"}],"replies":[{"embeddable":true,"href":"https:\/\/lifepinassa.eu\/index.php?rest_route=%2Fwp%2Fv2%2Fcomments&post=108"}],"version-history":[{"count":5,"href":"https:\/\/lifepinassa.eu\/index.php?rest_route=\/wp\/v2\/pages\/108\/revisions"}],"predecessor-version":[{"id":1854,"href":"https:\/\/lifepinassa.eu\/index.php?rest_route=\/wp\/v2\/pages\/108\/revisions\/1854"}],"up":[{"embeddable":true,"href":"https:\/\/lifepinassa.eu\/index.php?rest_route=\/wp\/v2\/pages\/56"}],"wp:attachment":[{"href":"https:\/\/lifepinassa.eu\/index.php?rest_route=%2Fwp%2Fv2%2Fmedia&parent=108"}],"curies":[{"name":"wp","href":"https:\/\/api.w.org\/{rel}","templated":true}]}}