{"id":106,"date":"2014-11-24T11:37:36","date_gmt":"2014-11-24T11:37:36","guid":{"rendered":"http:\/\/lifepinassa.eu\/?page_id=106"},"modified":"2018-06-21T07:51:50","modified_gmt":"2018-06-21T07:51:50","slug":"c4-mejora-de-la-estructura-madurez-y-biodiversidad-de-bosques-de-estructura-irregular-intensamente-explotados-y-degradados","status":"publish","type":"page","link":"https:\/\/lifepinassa.eu\/?page_id=106","title":{"rendered":"C4. Mejora de la estructura, madurez y biodiversidad de bosques de estructura irregular intensamente explotados y degradados"},"content":{"rendered":"<p><a href=\"http:\/\/lifepinassa.eu\/wp-content\/uploads\/2014\/11\/C5_irregular.jpg\"><img decoding=\"async\" loading=\"lazy\" class=\"alignright  wp-image-377\" src=\"http:\/\/lifepinassa.eu\/wp-content\/uploads\/2014\/11\/C5_irregular-300x199.jpg\" alt=\"C5_irregular\" width=\"312\" height=\"207\" srcset=\"https:\/\/lifepinassa.eu\/wp-content\/uploads\/2014\/11\/C5_irregular-300x199.jpg 300w, https:\/\/lifepinassa.eu\/wp-content\/uploads\/2014\/11\/C5_irregular-1024x680.jpg 1024w, https:\/\/lifepinassa.eu\/wp-content\/uploads\/2014\/11\/C5_irregular-100x66.jpg 100w, https:\/\/lifepinassa.eu\/wp-content\/uploads\/2014\/11\/C5_irregular-150x99.jpg 150w, https:\/\/lifepinassa.eu\/wp-content\/uploads\/2014\/11\/C5_irregular-200x132.jpg 200w, https:\/\/lifepinassa.eu\/wp-content\/uploads\/2014\/11\/C5_irregular-450x299.jpg 450w, https:\/\/lifepinassa.eu\/wp-content\/uploads\/2014\/11\/C5_irregular-600x398.jpg 600w, https:\/\/lifepinassa.eu\/wp-content\/uploads\/2014\/11\/C5_irregular-900x598.jpg 900w\" sizes=\"(max-width: 312px) 100vw, 312px\" \/><\/a>El proyecto LIFE Pinassa realizar\u00e1\u00a0cortas de mejora (entresacas) en las que se eliminar\u00e1n los\u00a0individuos deficientes y de escasa vitalidad y los pies que compiten con los \u00e1rboles m\u00e1s vitales y se abrir\u00e1n\u00a0conos de regeneraci\u00f3n (peque\u00f1as aperturas del dosel o bosquetes de menos de 1000 m2) muy adecuados\u00a0para promover la regeneraci\u00f3n de la especie, para la mejora de la heterogeneidad estructural del h\u00e1bitat y\u00a0para favorecer la diversidad de especies de sotobosque. Se distribuir\u00e1n dispersos aleatoriamente por el rodal.<\/p>\n<p>La reducci\u00f3n de biomasa combustible con continuidad vertical generar\u00e1 una estructura desfavorable a la\u00a0propagaci\u00f3n de incendios.<\/p>\n<h4>Objetivos espec\u00edficos<\/h4>\n<ol>\n<li>Mejorar la heterogeneidad de la vegetaci\u00f3n, la complejidad ecol\u00f3gica y la biodiversidad del bosque.<\/li>\n<li>Acondicionar el crecimiento del bosque para conducirlo hacia estadios de madurez estructural a largo y\u00a0medio plazo, al mismo tiempo que se consigue una mayor estabilidad del estrato arb\u00f3reo en su conjunto.<\/li>\n<li>Reducir el peligro de incendios forestales de estos bosques y su resiliencia frente al cambio clim\u00e1tico<\/li>\n<li>Ejemplificar la gesti\u00f3n para la mejora de bosques j\u00f3venes y densos de escasa vitalidad, baja diversidad\u00a0estructural y elevado riesgo de incendio, y que permita la multifuncionalidad del h\u00e1bitat, compatibilizando la\u00a0conservaci\u00f3n del h\u00e1bitat con una gesti\u00f3n ecol\u00f3gica, econ\u00f3mica y socialmente sostenible.<\/li>\n<li>Elaborar material de transferencia donde se recojan las principales recomendaciones de gesti\u00f3n sobre\u00a0tratamientos de claras de mejora para garantizar la conservaci\u00f3n y mejora del h\u00e1bitat en bosques de <em>Pinus\u00a0nigra<\/em> mediante la aplicaci\u00f3n de las mejores t\u00e9cnicas disponibles (BAT) de Gesti\u00f3n Forestal Sostenible (SFM),\u00a0haciendo compatible la conservaci\u00f3n con el resto de funciones del bosque (socio-econ\u00f3mica y recreativa).<\/li>\n<\/ol>\n<p>Constituye una\u00a0acci\u00f3n demostrativa para su aplicabilidad al conjunto de los bosques de pino laricio de esta estructura de\u00a0h\u00e1bitat en el conjunto de su distribuci\u00f3n ib\u00e9rica. Los rodales donde se actuar\u00e1 presentan un elevado valor\u00a0demostrativo: se localizar\u00e1n en lugares de buena accesibilidad, son representativos de la tipolog\u00eda de h\u00e1bitat\u00a0identificada, y con todas las facilidades para su posterior visita en acciones de formaci\u00f3n y divulgaci\u00f3n.<\/p>\n<h4>Resultados<\/h4>\n<p>Se planifican un total 48ha, 22ha en la regi\u00f3n prepirinaica y central y 26ha en la meridional. Finalizada la Acci\u00f3n 3, se han seleccionado un total de <strong>39,94ha<\/strong>. Durante el proceso de tramitaci\u00f3n de las acciones previstas se han excluido 2 rodales con un total de 3,46ha, debido a los condicionantes de ejecuci\u00f3n establecidos por los \u00f3rganos de gesti\u00f3n del <em>Parc Natural dels Ports. <\/em><\/p>\n<p>La distribuci\u00f3n de las acciones por ZEC y su estado de ejecuci\u00f3n se muestran en la Tabla 1:<\/p>\n<p>Tabla 1. Distribuci\u00f3n y estado de las Acciones C4 seg\u00fan Programa de conservaci\u00f3n<\/p>\n<table>\n<tbody>\n<tr>\n<td rowspan=\"2\"><strong>\u00c1MBITO <\/strong><\/td>\n<td rowspan=\"2\"><strong>ZEC <\/strong><\/td>\n<td rowspan=\"2\"><strong>Superficie <\/strong><strong>(ha) <\/strong><\/td>\n<td colspan=\"2\"><strong>TRABAJOS DE CONSERVACI\u00d3N <\/strong><\/td>\n<\/tr>\n<tr>\n<td><strong>Superficie (ha)<\/strong><\/td>\n<td><strong>Estado<\/strong><\/td>\n<\/tr>\n<tr>\n<td>Prepirenaico y central<\/td>\n<td>ES0000018Prepirineu Central Catal\u00e0<\/td>\n<td>24,08<\/td>\n<td>17,1*<\/td>\n<td>Finalizados<\/td>\n<\/tr>\n<tr>\n<td>Meridional<\/td>\n<td>ES5140011 Sistema Prelitoral Meridional<\/td>\n<td>15,86<\/td>\n<td>15,86<\/td>\n<td>Finalizados<\/td>\n<\/tr>\n<\/tbody>\n<\/table>\n<p>*En el proceso de marcaje se han excluido 6,98ha de corta por dificultad en el desembosque, repartidas en distintas \u00e1reas, de pendiente elevada y baja densidad viaria<\/p>\n<p>&nbsp;<\/p>\n<p><a href=\"http:\/\/lifepinassa.eu\/wp-content\/uploads\/2014\/11\/pinassa4.png\"><img decoding=\"async\" loading=\"lazy\" class=\"alignleft wp-image-1364 size-medium\" src=\"http:\/\/lifepinassa.eu\/wp-content\/uploads\/2014\/11\/pinassa4-300x223.png\" alt=\"pinassa4\" width=\"300\" height=\"223\" srcset=\"https:\/\/lifepinassa.eu\/wp-content\/uploads\/2014\/11\/pinassa4-300x223.png 300w, https:\/\/lifepinassa.eu\/wp-content\/uploads\/2014\/11\/pinassa4-100x74.png 100w, https:\/\/lifepinassa.eu\/wp-content\/uploads\/2014\/11\/pinassa4-150x111.png 150w, https:\/\/lifepinassa.eu\/wp-content\/uploads\/2014\/11\/pinassa4-200x148.png 200w, https:\/\/lifepinassa.eu\/wp-content\/uploads\/2014\/11\/pinassa4-450x335.png 450w, https:\/\/lifepinassa.eu\/wp-content\/uploads\/2014\/11\/pinassa4-600x446.png 600w, https:\/\/lifepinassa.eu\/wp-content\/uploads\/2014\/11\/pinassa4-900x670.png 900w, https:\/\/lifepinassa.eu\/wp-content\/uploads\/2014\/11\/pinassa4.png 960w\" sizes=\"(max-width: 300px) 100vw, 300px\" \/><\/a><\/p>\n<p>&nbsp;<\/p>\n<p>&nbsp;<\/p>\n<p>&nbsp;<\/p>\n<p>&nbsp;<\/p>\n<p>&nbsp;<\/p>\n<p>&nbsp;<\/p>\n<p>&nbsp;<\/p>\n<p>Figura 1. Corta selectiva y generaci\u00f3n de madera muerta en Prepirineu Central Catal\u00e0<\/p>\n<p>&nbsp;<\/p>\n","protected":false},"excerpt":{"rendered":"<p>El proyecto LIFE Pinassa realizar\u00e1\u00a0cortas de mejora (entresacas) en las que se eliminar\u00e1n los\u00a0individuos deficientes y de escasa vitalidad y los pies que compiten con los \u00e1rboles m\u00e1s vitales y se abrir\u00e1n\u00a0conos de regeneraci\u00f3n (peque\u00f1as aperturas del dosel o bosquetes<span class=\"ellipsis\">&hellip;<\/span><\/p>\n<div class=\"read-more\"><a href=\"https:\/\/lifepinassa.eu\/?page_id=106\">Read more &#8250;<\/a><\/div>\n<p><!-- end of .read-more --><\/p>\n","protected":false},"author":1,"featured_media":0,"parent":56,"menu_order":4,"comment_status":"open","ping_status":"open","template":"","meta":{"om_disable_all_campaigns":false,"_mi_skip_tracking":false,"ngg_post_thumbnail":0},"aioseo_notices":[],"_links":{"self":[{"href":"https:\/\/lifepinassa.eu\/index.php?rest_route=\/wp\/v2\/pages\/106"}],"collection":[{"href":"https:\/\/lifepinassa.eu\/index.php?rest_route=\/wp\/v2\/pages"}],"about":[{"href":"https:\/\/lifepinassa.eu\/index.php?rest_route=\/wp\/v2\/types\/page"}],"author":[{"embeddable":true,"href":"https:\/\/lifepinassa.eu\/index.php?rest_route=\/wp\/v2\/users\/1"}],"replies":[{"embeddable":true,"href":"https:\/\/lifepinassa.eu\/index.php?rest_route=%2Fwp%2Fv2%2Fcomments&post=106"}],"version-history":[{"count":7,"href":"https:\/\/lifepinassa.eu\/index.php?rest_route=\/wp\/v2\/pages\/106\/revisions"}],"predecessor-version":[{"id":1853,"href":"https:\/\/lifepinassa.eu\/index.php?rest_route=\/wp\/v2\/pages\/106\/revisions\/1853"}],"up":[{"embeddable":true,"href":"https:\/\/lifepinassa.eu\/index.php?rest_route=\/wp\/v2\/pages\/56"}],"wp:attachment":[{"href":"https:\/\/lifepinassa.eu\/index.php?rest_route=%2Fwp%2Fv2%2Fmedia&parent=106"}],"curies":[{"name":"wp","href":"https:\/\/api.w.org\/{rel}","templated":true}]}}