{"id":102,"date":"2014-11-24T11:36:21","date_gmt":"2014-11-24T11:36:21","guid":{"rendered":"http:\/\/lifepinassa.eu\/?page_id=102"},"modified":"2018-06-21T07:48:07","modified_gmt":"2018-06-21T07:48:07","slug":"c2-actuaciones-selvicolas-de-mejora-del-habitat-en-bosques-jovenes-y-densos-de-escasa-vitalidad-baja-diversidad-estructural-y-elevado-riesgo-de-incendio","status":"publish","type":"page","link":"https:\/\/lifepinassa.eu\/?page_id=102","title":{"rendered":"C2. Actuaciones selv\u00edcolas de mejora del h\u00e1bitat en bosques j\u00f3venes y densos de escasa vitalidad, baja diversidad estructural y elevado riesgo de incendio"},"content":{"rendered":"<p><img decoding=\"async\" loading=\"lazy\" class=\"alignright wp-image-372\" src=\"http:\/\/lifepinassa.eu\/wp-content\/uploads\/2014\/11\/Acci\u00f3_C3-300x199.jpg\" alt=\"\" width=\"254\" height=\"169\" srcset=\"https:\/\/lifepinassa.eu\/wp-content\/uploads\/2014\/11\/Acci\u00f3_C3-300x199.jpg 300w, https:\/\/lifepinassa.eu\/wp-content\/uploads\/2014\/11\/Acci\u00f3_C3-1024x680.jpg 1024w, https:\/\/lifepinassa.eu\/wp-content\/uploads\/2014\/11\/Acci\u00f3_C3-100x66.jpg 100w, https:\/\/lifepinassa.eu\/wp-content\/uploads\/2014\/11\/Acci\u00f3_C3-150x99.jpg 150w, https:\/\/lifepinassa.eu\/wp-content\/uploads\/2014\/11\/Acci\u00f3_C3-200x132.jpg 200w, https:\/\/lifepinassa.eu\/wp-content\/uploads\/2014\/11\/Acci\u00f3_C3-450x299.jpg 450w, https:\/\/lifepinassa.eu\/wp-content\/uploads\/2014\/11\/Acci\u00f3_C3-600x398.jpg 600w, https:\/\/lifepinassa.eu\/wp-content\/uploads\/2014\/11\/Acci\u00f3_C3-900x598.jpg 900w\" sizes=\"(max-width: 254px) 100vw, 254px\" \/><\/p>\n<p>El proyecto LIFE Pinassa realizar\u00e1\u00a0una regulaci\u00f3n de la competencia intraespec\u00edfica del arbolado en\u00a0bosques de <em>Pinus nigra<\/em> que se encuentren en\u00a0estadios j\u00f3venes de arbolado, fruto de la regeneraci\u00f3n natural\u00a0de la especie en antiguos terrenos de pastos o cultivos. Estas estructuras de h\u00e1bitat presentan\u00a0elevadas densidades, constituyendo bosques fr\u00e1giles y poco estables, con escasa\u00a0biodiversidad a causa de una estructura muy homog\u00e9nea, excesivamente densa y falta de madurez. Adem\u00e1s,\u00a0son bosques muy vulnerables a las sequ\u00edas e incendios forestales.<\/p>\n<h4>Objetivos espec\u00edficos<\/h4>\n<ol>\n<li>Mejorar la heterogeneidad estructural y de composici\u00f3n de la vegetaci\u00f3n, la complejidad ecol\u00f3gica y la\u00a0biodiversidad del bosque.<\/li>\n<li>Acondicionar el crecimiento del bosque para conducirlo hacia estadios de madurez estructural a medio y\u00a0largo plazo, al mismo tiempo que se consigue una mayor estabilidad del estrato arb\u00f3reo en su conjunto y una\u00a0mayor resistencia a las sequ\u00edas.<\/li>\n<li>Reducir el peligro de incendios forestales de estos bosques e incrementar su resistencia y resiliencia frente\u00a0al cambio clim\u00e1tico.<\/li>\n<li>Ejemplificar la gesti\u00f3n para la mejora de bosques j\u00f3venes y densos de escasa vitalidad, baja diversidad\u00a0estructural y elevado riesgo de incendio, y que permita la multifuncionalidad del h\u00e1bitat, compatibilizando la\u00a0conservaci\u00f3n del h\u00e1bitat con una gesti\u00f3n ecol\u00f3gica, econ\u00f3mica y socialmente sostenible.<\/li>\n<li>Elaborar material de transferencia donde se recojan las principales recomendaciones de gesti\u00f3n sobre\u00a0tratamientos de claras de mejora para garantizar la conservaci\u00f3n y mejora del h\u00e1bitat en bosques de <em>Pinus\u00a0nigra<\/em> mediante la aplicaci\u00f3n de las mejores t\u00e9cnicas disponibles (BAT) de Gesti\u00f3n Forestal Sostenible (SFM),\u00a0haciendo compatible la conservaci\u00f3n con el resto de funciones del bosque (socio-econ\u00f3mica y recreativa).<\/li>\n<\/ol>\n<p>Constituye una\u00a0acci\u00f3n demostrativa para su aplicabilidad al conjunto de los bosques de pino laricio de esta estructura de\u00a0h\u00e1bitat en el conjunto de su distribuci\u00f3n ib\u00e9rica. Los rodales donde se actuar\u00e1 presentan un elevado valor\u00a0demostrativo: se localizar\u00e1n en lugares de buena accesibilidad, son representativos de la tipolog\u00eda de h\u00e1bitat\u00a0identificada, y con todas las facilidades para su posterior visita en acciones de formaci\u00f3n y divulgaci\u00f3n.<\/p>\n<h4>Resultados<\/h4>\n<p>En el proyecto se planifican un total 42,4ha, 18,4 ha en la regi\u00f3n prepirinaica y central y 24ha en la meridional. Finalizada la Acci\u00f3n 3, se han seleccionado un total de <strong>44,4ha<\/strong>. La distribuci\u00f3n por ZEC y estado de ejecuci\u00f3n se muestran en la Tabla 1:<\/p>\n<p>Tabla 1. Distribuci\u00f3n y estado de las Acciones C2 seg\u00fan Programa de conservaci\u00f3n<\/p>\n<table>\n<tbody>\n<tr>\n<td rowspan=\"2\"><strong>\u00c1MBITO <\/strong><\/td>\n<td rowspan=\"2\"><strong>ZEC <\/strong><\/td>\n<td rowspan=\"2\"><strong>Superficie <\/strong><\/p>\n<p><strong>(ha) <\/strong><\/td>\n<td colspan=\"2\"><strong>TRABAJOS DE CONSERVACI\u00d3N <\/strong><\/td>\n<\/tr>\n<tr>\n<td><strong>Superficie (ha)<\/strong><\/td>\n<td><strong>Estado<\/strong><\/td>\n<\/tr>\n<tr>\n<td>Prepirenaico y central<\/td>\n<td>ES5130028 Ribera Salada<\/td>\n<td>18,89<\/td>\n<td>18,89<\/td>\n<td>Finalizados<\/td>\n<\/tr>\n<tr>\n<td>Prepirenaico y central<\/td>\n<td>ES5130027 Obagues riera de Madrona<\/td>\n<td>6,64<\/td>\n<td>6,64<\/td>\n<td>Finalizados<\/td>\n<\/tr>\n<tr>\n<td>Meridional<\/td>\n<td>ES5140011 Sistema Prelitoral Meridional<\/td>\n<td>18,87<\/td>\n<td>18,87<\/td>\n<td>Finalizados<\/td>\n<\/tr>\n<\/tbody>\n<\/table>\n<p><a href=\"http:\/\/lifepinassa.eu\/wp-content\/uploads\/2014\/11\/pinassa2.png\"><img decoding=\"async\" loading=\"lazy\" class=\"alignleft wp-image-1362 size-medium\" src=\"http:\/\/lifepinassa.eu\/wp-content\/uploads\/2014\/11\/pinassa2-226x300.png\" alt=\"pinassa2\" width=\"226\" height=\"300\" srcset=\"https:\/\/lifepinassa.eu\/wp-content\/uploads\/2014\/11\/pinassa2-226x300.png 226w, https:\/\/lifepinassa.eu\/wp-content\/uploads\/2014\/11\/pinassa2-100x132.png 100w, https:\/\/lifepinassa.eu\/wp-content\/uploads\/2014\/11\/pinassa2-150x199.png 150w, https:\/\/lifepinassa.eu\/wp-content\/uploads\/2014\/11\/pinassa2-200x265.png 200w, https:\/\/lifepinassa.eu\/wp-content\/uploads\/2014\/11\/pinassa2-300x398.png 300w, https:\/\/lifepinassa.eu\/wp-content\/uploads\/2014\/11\/pinassa2-450x597.png 450w, https:\/\/lifepinassa.eu\/wp-content\/uploads\/2014\/11\/pinassa2.png 584w\" sizes=\"(max-width: 226px) 100vw, 226px\" \/><\/a><\/p>\n<p>&nbsp;<\/p>\n<p>&nbsp;<\/p>\n<p>&nbsp;<\/p>\n<p>&nbsp;<\/p>\n<p>&nbsp;<\/p>\n<p>&nbsp;<\/p>\n<p>&nbsp;<\/p>\n<p>&nbsp;<\/p>\n<p>&nbsp;<\/p>\n<p>Figura 1. Clara baja del arbolado preservando \u00e1rboles singulares en Ribera Salada. Se ha preservado un \u00e1rbol con nido de rapaz y los de su entorno para darle protecci\u00f3n.<\/p>\n","protected":false},"excerpt":{"rendered":"<p>El proyecto LIFE Pinassa realizar\u00e1\u00a0una regulaci\u00f3n de la competencia intraespec\u00edfica del arbolado en\u00a0bosques de Pinus nigra que se encuentren en\u00a0estadios j\u00f3venes de arbolado, fruto de la regeneraci\u00f3n natural\u00a0de la especie en antiguos terrenos de pastos o cultivos. Estas estructuras de<span class=\"ellipsis\">&hellip;<\/span><\/p>\n<div class=\"read-more\"><a href=\"https:\/\/lifepinassa.eu\/?page_id=102\">Read more &#8250;<\/a><\/div>\n<p><!-- end of .read-more --><\/p>\n","protected":false},"author":1,"featured_media":0,"parent":56,"menu_order":2,"comment_status":"open","ping_status":"open","template":"","meta":{"om_disable_all_campaigns":false,"_mi_skip_tracking":false,"ngg_post_thumbnail":0},"aioseo_notices":[],"_links":{"self":[{"href":"https:\/\/lifepinassa.eu\/index.php?rest_route=\/wp\/v2\/pages\/102"}],"collection":[{"href":"https:\/\/lifepinassa.eu\/index.php?rest_route=\/wp\/v2\/pages"}],"about":[{"href":"https:\/\/lifepinassa.eu\/index.php?rest_route=\/wp\/v2\/types\/page"}],"author":[{"embeddable":true,"href":"https:\/\/lifepinassa.eu\/index.php?rest_route=\/wp\/v2\/users\/1"}],"replies":[{"embeddable":true,"href":"https:\/\/lifepinassa.eu\/index.php?rest_route=%2Fwp%2Fv2%2Fcomments&post=102"}],"version-history":[{"count":5,"href":"https:\/\/lifepinassa.eu\/index.php?rest_route=\/wp\/v2\/pages\/102\/revisions"}],"predecessor-version":[{"id":1844,"href":"https:\/\/lifepinassa.eu\/index.php?rest_route=\/wp\/v2\/pages\/102\/revisions\/1844"}],"up":[{"embeddable":true,"href":"https:\/\/lifepinassa.eu\/index.php?rest_route=\/wp\/v2\/pages\/56"}],"wp:attachment":[{"href":"https:\/\/lifepinassa.eu\/index.php?rest_route=%2Fwp%2Fv2%2Fmedia&parent=102"}],"curies":[{"name":"wp","href":"https:\/\/api.w.org\/{rel}","templated":true}]}}